{"id":939,"date":"2025-03-22T11:50:55","date_gmt":"2025-03-22T10:50:55","guid":{"rendered":"https:\/\/lamareapartments.com\/kontakt\/"},"modified":"2026-02-25T01:51:45","modified_gmt":"2026-02-25T00:51:45","slug":"kontakt","status":"publish","type":"page","link":"https:\/\/lamareapartments.com\/pl\/kontakt\/","title":{"rendered":"Kontakt"},"content":{"rendered":"\t\t<div data-elementor-type=\"wp-page\" data-elementor-id=\"939\" class=\"elementor elementor-939 elementor-846\" data-elementor-post-type=\"page\">\n\t\t\t\t<div class=\"elementor-element elementor-element-54f9a9c e-flex e-con-boxed e-con e-parent\" data-id=\"54f9a9c\" data-element_type=\"container\" data-e-type=\"container\">\n\t\t\t\t\t<div class=\"e-con-inner\">\n\t\t\t\t<div class=\"elementor-element elementor-element-680abf8 elementor-widget elementor-widget-cs_title\" data-id=\"680abf8\" data-element_type=\"widget\" data-e-type=\"widget\" data-widget_type=\"cs_title.default\">\n\t\t\t\t<div class=\"elementor-widget-container\">\n\t\t\t\t\t\n        <div class=\"cs-title-wrap text-center\">\t            <div class=\"cs-subtitle-wrap\"><span class=\"cs-subtitle\">KONTAKT<\/span><\/div>\t            <h4 class=\"cs-title\">\n\t                Skontaktuj si\u0119 z nami\t            <\/h4>\t            <div class=\"cs-title-text\">\n\t                <p>Masz pytania dotycz\u0105ce rezerwacji, dost\u0119pno\u015bci pokoi lub dodatkowych us\u0142ug? Skontaktuj si\u0119 z nami &#8211; ch\u0119tnie pomo\u017cemy! <\/p>\t            <\/div>        <\/div>\t\t\t\t<\/div>\n\t\t\t\t<\/div>\n\t\t\t\t<div class=\"elementor-element elementor-element-41de9f7 elementor-widget__width-initial elementor-widget-mobile__width-inherit elementor-button-align-stretch elementor-widget elementor-widget-form\" data-id=\"41de9f7\" data-element_type=\"widget\" data-e-type=\"widget\" data-settings=\"{&quot;step_next_label&quot;:&quot;Nast\\u0119pny&quot;,&quot;step_previous_label&quot;:&quot;Poprzedni&quot;,&quot;button_width&quot;:&quot;100&quot;,&quot;step_type&quot;:&quot;number_text&quot;,&quot;step_icon_shape&quot;:&quot;circle&quot;}\" data-widget_type=\"form.default\">\n\t\t\t\t<div class=\"elementor-widget-container\">\n\t\t\t\t\t\t\t<form class=\"elementor-form\" method=\"post\" name=\"Nowy formularz\" aria-label=\"Nowy formularz\">\n\t\t\t<input type=\"hidden\" name=\"post_id\" value=\"939\"\/>\n\t\t\t<input type=\"hidden\" name=\"form_id\" value=\"41de9f7\"\/>\n\t\t\t<input type=\"hidden\" name=\"referer_title\" value=\"Kontakt\" \/>\n\n\t\t\t\t\t\t\t<input type=\"hidden\" name=\"queried_id\" value=\"939\"\/>\n\t\t\t\n\t\t\t<div class=\"elementor-form-fields-wrapper elementor-labels-above\">\n\t\t\t\t\t\t\t\t<div class=\"elementor-field-type-text elementor-field-group elementor-column elementor-field-group-name elementor-col-100\">\n\t\t\t\t\t\t\t\t\t\t\t\t\t<input size=\"1\" type=\"text\" name=\"form_fields[name]\" id=\"form-field-name\" class=\"elementor-field elementor-size-sm  elementor-field-textual\" placeholder=\"Nazwa\">\n\t\t\t\t\t\t\t\t\t\t\t<\/div>\n\t\t\t\t\t\t\t\t<div class=\"elementor-field-type-email elementor-field-group elementor-column elementor-field-group-email elementor-col-100 elementor-field-required\">\n\t\t\t\t\t\t\t\t\t\t\t\t\t<input size=\"1\" type=\"email\" name=\"form_fields[email]\" id=\"form-field-email\" class=\"elementor-field elementor-size-sm  elementor-field-textual\" placeholder=\"E-mail\" required=\"required\">\n\t\t\t\t\t\t\t\t\t\t\t<\/div>\n\t\t\t\t\t\t\t\t<div class=\"elementor-field-type-tel elementor-field-group elementor-column elementor-field-group-field_f30b186 elementor-col-100 elementor-field-required\">\n\t\t\t\t\t\t\t<input size=\"1\" type=\"tel\" name=\"form_fields[field_f30b186]\" id=\"form-field-field_f30b186\" class=\"elementor-field elementor-size-sm  elementor-field-textual\" placeholder=\"Telefon\" required=\"required\" pattern=\"[0-9()#&amp;+*-=.]+\" title=\"Akceptowane s\u0105 jedynie cyfry i znaki telefoniczne (#,-,*).\">\n\n\t\t\t\t\t\t<\/div>\n\t\t\t\t\t\t\t\t<div class=\"elementor-field-type-textarea elementor-field-group elementor-column elementor-field-group-message elementor-col-100\">\n\t\t\t\t\t<textarea class=\"elementor-field-textual elementor-field  elementor-size-sm\" name=\"form_fields[message]\" id=\"form-field-message\" rows=\"4\" placeholder=\"Wiadomo\u015b\u0107\"><\/textarea>\t\t\t\t<\/div>\n\t\t\t\t\t\t\t\t<div class=\"elementor-field-type-text\">\n\t\t\t\t\t<input size=\"1\" type=\"text\" name=\"form_fields[field_6bf8fa1]\" id=\"form-field-field_6bf8fa1\" class=\"elementor-field elementor-size-sm \" style=\"display:none !important;\">\t\t\t\t<\/div>\n\t\t\t\t\t\t\t\t<div class=\"elementor-field-group elementor-column elementor-field-type-submit elementor-col-100 e-form__buttons\">\n\t\t\t\t\t<button class=\"elementor-button elementor-size-sm\" type=\"submit\">\n\t\t\t\t\t\t<span class=\"elementor-button-content-wrapper\">\n\t\t\t\t\t\t\t\t\t\t\t\t\t\t\t\t\t\t\t\t\t\t<span class=\"elementor-button-text\">Wy\u015blij<\/span>\n\t\t\t\t\t\t\t\t\t\t\t\t\t<\/span>\n\t\t\t\t\t<\/button>\n\t\t\t\t<\/div>\n\t\t\t<\/div>\n\t\t<\/form>\n\t\t\t\t\t\t<\/div>\n\t\t\t\t<\/div>\n\t\t<div class=\"elementor-element elementor-element-d436c36 e-con-full e-flex e-con e-child\" data-id=\"d436c36\" data-element_type=\"container\" data-e-type=\"container\">\n\t\t\t\t<div class=\"elementor-element elementor-element-1535d1b elementor-widget elementor-widget-text-editor\" data-id=\"1535d1b\" data-element_type=\"widget\" data-e-type=\"widget\" data-widget_type=\"text-editor.default\">\n\t\t\t\t<div class=\"elementor-widget-container\">\n\t\t\t\t\t\t\t\t\t<p>Host wkr\u00f3tce skontaktuje si\u0119 z Tob\u0105 w tej sprawie.<\/p>\t\t\t\t\t\t\t\t<\/div>\n\t\t\t\t<\/div>\n\t\t\t\t<\/div>\n\t\t\t\t\t<\/div>\n\t\t\t\t<\/div>\n\t\t<div class=\"elementor-element elementor-element-3f13ff4 e-flex e-con-boxed e-con e-parent\" data-id=\"3f13ff4\" data-element_type=\"container\" data-e-type=\"container\">\n\t\t\t\t\t<div class=\"e-con-inner\">\n\t\t\t\t<div class=\"elementor-element elementor-element-ba5e9a4 elementor-widget elementor-widget-cs_title\" data-id=\"ba5e9a4\" data-element_type=\"widget\" data-e-type=\"widget\" data-widget_type=\"cs_title.default\">\n\t\t\t\t<div class=\"elementor-widget-container\">\n\t\t\t\t\t\n        <div class=\"cs-title-wrap text-center\">\t            <h4 class=\"cs-title\">\n\t                Jak si\u0119 tam dostan\u0119?\t            <\/h4>        <\/div>\t\t\t\t<\/div>\n\t\t\t\t<\/div>\n\t\t\t\t\t<\/div>\n\t\t\t\t<\/div>\n\t\t<div class=\"elementor-element elementor-element-af4032f e-grid e-con-boxed e-con e-parent\" data-id=\"af4032f\" data-element_type=\"container\" data-e-type=\"container\">\n\t\t\t\t\t<div class=\"e-con-inner\">\n\t\t<div class=\"elementor-element elementor-element-e1ce9bb e-con-full e-flex elementor-invisible e-con e-child\" data-id=\"e1ce9bb\" data-element_type=\"container\" data-e-type=\"container\" data-settings=\"{&quot;animation&quot;:&quot;fadeIn&quot;,&quot;animation_delay&quot;:600}\">\n\t\t\t\t<div class=\"elementor-element elementor-element-a24c10a elementor-widget elementor-widget-html\" data-id=\"a24c10a\" data-element_type=\"widget\" data-e-type=\"widget\" data-widget_type=\"html.default\">\n\t\t\t\t<div class=\"elementor-widget-container\">\n\t\t\t\t\t<div style=\"height: 400px; width: 100%; overflow: hidden;\">\r\n<iframe src=\"https:\/\/www.google.com\/maps\/d\/embed?mid=14KWrhEJwYAc6eIdK4i4or7GFUWZBRPM&amp;ehbc=2E312F\" width=\"640\" height=\"480\" style=\"border: none; margin-top: -60px;\" allowfullscreen=\"\" loading=\"lazy\" referrerpolicy=\"no-referrer-when-downgrade\"><\/iframe>\r\n<\/div>\r\n\t\t\t\t<\/div>\n\t\t\t\t<\/div>\n\t\t\t\t<div class=\"elementor-element elementor-element-31cfb55 elementor-widget elementor-widget-cs_title\" data-id=\"31cfb55\" data-element_type=\"widget\" data-e-type=\"widget\" data-widget_type=\"cs_title.default\">\n\t\t\t\t<div class=\"elementor-widget-container\">\n\t\t\t\t\t\n        <div class=\"cs-title-wrap text-left\">\t            <div class=\"cs-title-text\">\n\t                <h5><strong>Z lotniska w Maladze do apartamentu La Marea<\/strong><\/h5><p>Po przylocie na lotnisko w Maladze (Aeropuerto de M\u00e1laga \u2013 Costa del Sol), skieruj si\u0119 bezpo\u015brednio do:<\/p><p><span class=\"link_hover_img\"><strong>Apartament La Marea &#8211; C. Monte Para\u00edso, 33, 29649 Calahonda, Malaga, Hiszpania.<br><\/strong><span class=\"image__fixed\"><br><img decoding=\"async\" src=\"https:\/\/lh3.googleusercontent.com\/p\/AF1QipO60xQnenLjZiG0q3vaSTg4OlOS5DfkVZzzL2XP=s1360-w1360-h1020-rw\" alt=\"Wej\u015bcie do apartamentu La Marea\"><br><\/span><\/span><\/p><p><span class=\"link_hover_img\"><span class=\"image__fixed\"><br><\/span><\/span><strong>\u2794<\/strong> Odleg\u0142o\u015b\u0107: oko\u0142o 38 km (oko\u0142o 30\u201335 minut samochodem).<\/p><p><strong>\u2794 <\/strong>Najwygodniejszym sposobem dotarcia na miejsce jest wynaj\u0119ty samoch\u00f3d, taks\u00f3wka lub transfer lotniskowy.<\/p><p>Apartament znajduje si\u0119 w Calahonda (Mijas Costa), w spokojnej dzielnicy mieszkalnej tu\u017c przy g\u0142\u00f3wnej drodze nadmorskiej A-7 (N-340). Obiekt znajduje si\u0119 na zamkni\u0119tym, prywatnym osiedlu, dlatego przed przyjazdem upewnij si\u0119, \u017ce posiadasz dane do wej\u015bcia\/wjazdu. <\/p>\t            <\/div>        <\/div>\t\t\t\t<\/div>\n\t\t\t\t<\/div>\n\t\t\t\t<\/div>\n\t\t\t\t\t<\/div>\n\t\t\t\t<\/div>\n\t\t<div class=\"elementor-element elementor-element-faba84d e-flex e-con-boxed e-con e-parent\" data-id=\"faba84d\" data-element_type=\"container\" data-e-type=\"container\">\n\t\t\t\t\t<div class=\"e-con-inner\">\n\t\t\t\t\t<\/div>\n\t\t\t\t<\/div>\n\t\t\t\t<\/div>\n\t\t","protected":false},"excerpt":{"rendered":"<p>KONTAKT Skontaktuj si\u0119 z nami Masz pytania dotycz\u0105ce rezerwacji, dost\u0119pno\u015bci pokoi lub dodatkowych us\u0142ug? Skontaktuj si\u0119 z nami &#8211; ch\u0119tnie pomo\u017cemy! Host wkr\u00f3tce skontaktuje si\u0119 z Tob\u0105 w tej sprawie. Jak si\u0119 tam dostan\u0119? Z lotniska w Maladze do apartamentu La Marea Po przylocie na lotnisko w Maladze (Aeropuerto de M\u00e1laga \u2013 Costa del Sol), &#8230;<\/p>\n","protected":false},"author":1,"featured_media":0,"parent":0,"menu_order":0,"comment_status":"closed","ping_status":"closed","template":"elementor_header_footer","meta":{"cozystay_single_page_hide_site_header":"","cozystay_single_page_site_header_source":"","cozystay_single_page_custom_site_header":"0","cozystay_single_page_custom_sticky_site_header":"0","cozystay_single_page_hide_page_title":"","cozystay_single_page_header_section_size":"","cozystay_single_page_header_background_color":"","cozystay_single_page_header_background_position_x":"center","cozystay_single_page_header_background_position_y":"center","cozystay_single_page_header_background_size":"cover","cozystay_single_page_header_background_repeat":"off","cozystay_single_page_header_background_scroll":"on","cozystay_single_page_header_text_color":"","cozystay_single_page_header_show_breadcrumb":"","cozystay_single_page_site_footer_hide_main":"","cozystay_single_custom_site_footer_main_source":"","cozystay_single_custom_site_footer_main":"0","cozystay_single_page_site_footer_hide_above":"","cozystay_single_custom_site_footer_above_source":"","cozystay_single_custom_site_footer_above":"0","cozystay_single_page_site_footer_hide_instagram":"","cozystay_single_page_site_footer_hide_bottom":"","cozystay_single_custom_mobile_menu_source":"","cozystay_single_custom_mobile_menu":"0","cozystay_single_custom_mobile_menu_animation":"","cozystay_single_custom_mobile_menu_width":"","cozystay_single_custom_mobile_menu_custom_width":375,"footnotes":""},"class_list":["post-939","page","type-page","status-publish","hentry"],"_links":{"self":[{"href":"https:\/\/lamareapartments.com\/pl\/wp-json\/wp\/v2\/pages\/939","targetHints":{"allow":["GET"]}}],"collection":[{"href":"https:\/\/lamareapartments.com\/pl\/wp-json\/wp\/v2\/pages"}],"about":[{"href":"https:\/\/lamareapartments.com\/pl\/wp-json\/wp\/v2\/types\/page"}],"author":[{"embeddable":true,"href":"https:\/\/lamareapartments.com\/pl\/wp-json\/wp\/v2\/users\/1"}],"replies":[{"embeddable":true,"href":"https:\/\/lamareapartments.com\/pl\/wp-json\/wp\/v2\/comments?post=939"}],"version-history":[{"count":24,"href":"https:\/\/lamareapartments.com\/pl\/wp-json\/wp\/v2\/pages\/939\/revisions"}],"predecessor-version":[{"id":3477,"href":"https:\/\/lamareapartments.com\/pl\/wp-json\/wp\/v2\/pages\/939\/revisions\/3477"}],"wp:attachment":[{"href":"https:\/\/lamareapartments.com\/pl\/wp-json\/wp\/v2\/media?parent=939"}],"curies":[{"name":"wp","href":"https:\/\/api.w.org\/{rel}","templated":true}]}}