{"id":733,"date":"2024-12-17T12:34:48","date_gmt":"2024-12-17T11:34:48","guid":{"rendered":"https:\/\/lamareapartments.com\/o-gospodarzu\/"},"modified":"2026-02-19T01:00:49","modified_gmt":"2026-02-19T00:00:49","slug":"o-gospodarzu","status":"publish","type":"page","link":"https:\/\/lamareapartments.com\/pl\/o-gospodarzu\/","title":{"rendered":"O gospodarzu"},"content":{"rendered":"\t\t<div data-elementor-type=\"wp-page\" data-elementor-id=\"733\" class=\"elementor elementor-733 elementor-485\" data-elementor-post-type=\"page\">\n\t\t\t\t<div class=\"elementor-element elementor-element-8945507 e-flex e-con-boxed e-con e-parent\" data-id=\"8945507\" data-element_type=\"container\" data-e-type=\"container\">\n\t\t\t\t\t<div class=\"e-con-inner\">\n\t\t<div class=\"elementor-element elementor-element-3f0e048 e-con-full e-flex e-con e-child\" data-id=\"3f0e048\" data-element_type=\"container\" data-e-type=\"container\">\n\t\t\t\t<div class=\"elementor-element elementor-element-4861cf7 elementor-widget elementor-widget-image\" data-id=\"4861cf7\" data-element_type=\"widget\" data-e-type=\"widget\" data-widget_type=\"image.default\">\n\t\t\t\t<div class=\"elementor-widget-container\">\n\t\t\t\t\t\t\t\t\t\t\t\t\t\t\t<img fetchpriority=\"high\" decoding=\"async\" width=\"640\" height=\"373\" src=\"https:\/\/lamareapartments.com\/wp-content\/uploads\/2026\/02\/EspaLiving_logo_Black_Transparent.png\" class=\"attachment-large size-large wp-image-3405\" alt=\"\" srcset=\"https:\/\/lamareapartments.com\/wp-content\/uploads\/2026\/02\/EspaLiving_logo_Black_Transparent.png 640w, https:\/\/lamareapartments.com\/wp-content\/uploads\/2026\/02\/EspaLiving_logo_Black_Transparent-300x175.png 300w, https:\/\/lamareapartments.com\/wp-content\/uploads\/2026\/02\/EspaLiving_logo_Black_Transparent-600x350.png 600w, https:\/\/lamareapartments.com\/wp-content\/uploads\/2026\/02\/EspaLiving_logo_Black_Transparent-550x321.png 550w, https:\/\/lamareapartments.com\/wp-content\/uploads\/2026\/02\/EspaLiving_logo_Black_Transparent-370x216.png 370w, https:\/\/lamareapartments.com\/wp-content\/uploads\/2026\/02\/EspaLiving_logo_Black_Transparent-255x149.png 255w\" sizes=\"(max-width: 640px) 100vw, 640px\" \/>\t\t\t\t\t\t\t\t\t\t\t\t\t\t\t<\/div>\n\t\t\t\t<\/div>\n\t\t\t\t<\/div>\n\t\t<div class=\"elementor-element elementor-element-4a1b87f e-con-full e-flex e-con e-child\" data-id=\"4a1b87f\" data-element_type=\"container\" data-e-type=\"container\">\n\t\t\t\t<div class=\"elementor-element elementor-element-24783be elementor-widget elementor-widget-cs_title\" data-id=\"24783be\" data-element_type=\"widget\" data-e-type=\"widget\" data-widget_type=\"cs_title.default\">\n\t\t\t\t<div class=\"elementor-widget-container\">\n\t\t\t\t\t\n        <div class=\"cs-title-wrap text-left\">\t            <h4 class=\"cs-title\">\n\t                O gospodarzu\t            <\/h4>\t            <div class=\"cs-title-text\">\n\t                <p>Apartament jest profesjonalnie zarz\u0105dzany przez Espa Living, co zapewnia p\u0142ynny, komfortowy i dobrze zorganizowany pobyt od pocz\u0105tku do ko\u0144ca. Nasz zesp\u00f3\u0142 m\u00f3wi po angielsku, hiszpa\u0144sku, niemiecku, esto\u0144sku, fi\u0144sku, szwedzku i rosyjsku i zawsze ch\u0119tnie pomo\u017ce w przypadku jakichkolwiek pyta\u0144 przed lub w trakcie pobytu. <\/p><p>Serdecznie witamy w Apartamencie La Marea \u2014 z rado\u015bci\u0105 b\u0119dziemy Pa\u0144stwa go\u015bci\u0107.<\/p><p><a href=\"tel:+34%20670%20791%20971\">+34 670 791 971<\/a><br><a title=\"mailto:antti@espaliving.com\" href=\"mailto:antti@espaliving.com\">antti@espaliving.com<\/a><\/p>\t            <\/div>                <div class=\"cs-title-btn\">\n                    <a class=\"button elementor-button-link\" role=\"button\" href=\"https:\/\/lamareapartments.com\/pl\/zarezerwuj-teraz\/\">\n                        <span class=\"cs-btn-text\">Zarezerwuj nocleg w La Marea<\/span>                    <\/a>\n                <\/div>\n                    <\/div>\t\t\t\t<\/div>\n\t\t\t\t<\/div>\n\t\t\t\t<\/div>\n\t\t\t\t\t<\/div>\n\t\t\t\t<\/div>\n\t\t\t\t<section class=\"elementor-section elementor-top-section elementor-element elementor-element-5e94872 elementor-section-boxed elementor-section-height-default elementor-section-height-default\" data-id=\"5e94872\" data-element_type=\"section\" data-e-type=\"section\" data-settings=\"{&quot;background_background&quot;:&quot;classic&quot;}\">\n\t\t\t\t\t\t\t<div class=\"elementor-background-overlay\"><\/div>\n\t\t\t\t\t\t\t<div class=\"elementor-container elementor-column-gap-no\">\n\t\t\t\t\t<div class=\"elementor-column elementor-col-100 elementor-top-column elementor-element elementor-element-f589d4b\" data-id=\"f589d4b\" data-element_type=\"column\" data-e-type=\"column\">\n\t\t\t<div class=\"elementor-widget-wrap elementor-element-populated\">\n\t\t\t\t\t\t<div class=\"elementor-element elementor-element-711c75b elementor-widget elementor-widget-cs_title\" data-id=\"711c75b\" data-element_type=\"widget\" data-e-type=\"widget\" data-widget_type=\"cs_title.default\">\n\t\t\t\t<div class=\"elementor-widget-container\">\n\t\t\t\t\t\n        <div class=\"cs-title-wrap text-left\">\t            <div class=\"cs-subtitle-wrap\"><span class=\"cs-subtitle\">Opinie od naszych drogich go\u015bci<\/span><\/div>\t            <h3 class=\"cs-title\">\n\t                Co m\u00f3wi\u0105 o nas i La Marea\t            <\/h3>        <\/div>\t\t\t\t<\/div>\n\t\t\t\t<\/div>\n\t\t\t\t<div class=\"elementor-element elementor-element-8f897d2 elementor-widget elementor-widget-cs_testimonials\" data-id=\"8f897d2\" data-element_type=\"widget\" data-e-type=\"widget\" data-widget_type=\"cs_testimonials.default\">\n\t\t\t\t<div class=\"elementor-widget-container\">\n\t\t\t\t\t\n            <div class=\"cs-testimonials testimonial-style-1 text-center testimonials-slider\" data-column=\"2\" data-autoplay=\"on\" data-autoplay-speed=\"5000\" data-show-arrows=\"\" data-show-dots=\"on\"><div class=\"cs-ts-wrap\"><div class=\"cs-ts-item\">                    <div class=\"cs-testimonial\"><div class=\"cs-testimonial-rating\"><span class=\"cs-testimonial-stars\"><\/span><\/div>                        <div class=\"cs-testimonial-content\">Zazwyczaj nie pisz\u0119 takich post\u00f3w, ale czuj\u0119 si\u0119 zobowi\u0105zany, by podzieli\u0107 si\u0119 moim wspania\u0142ym do\u015bwiadczeniem i poleci\u0107 miejsce, gdzie sp\u0119dzali\u015bmy zimowe wakacje po raz drugi z rz\u0119du. Polska zima to idealny czas na regeneracj\u0119 energii na s\u0142o\u0144cu, z temperaturami oko\u0142o 20\u00b0C. \n\nAndaluzja i Costa del Sol oferuj\u0105 wszystko, czego potrzebujemy:\n\u2022 Pi\u0119kne pla\u017ce z promenadami na spacery o wschodzie i zachodzie s\u0142o\u0144ca.\n\u2022 Malownicze miasteczka i szlaki trekkingowe w pobliskich g\u00f3rach.\n\u2022 Calahonda \u2013 idealna baza mi\u0119dzy Malag\u0105 a Marbell\u0105, z pi\u0119knymi pla\u017cami, umiarkowanym turystyk\u0105 i dobrymi cenami.\n\nApartament La Marea to nasz najlepszy wyb\u00f3r: wysokiej jako\u015bci w przyst\u0119pnej cenie, przyja\u017ani w\u0142a\u015bciciele, relaksuj\u0105cy taras, basen, darmowy parking oraz spokojna lokalizacja zaledwie 10 minut od morza, blisko wszystkich udogodnie\u0144. Gor\u0105co polecam na s\u0142oneczny hiszpa\u0144ski wypad! <\/div>                        <div class=\"cs-testimonial-meta\">\n                            <div class=\"elementor-testimonial-meta-inner\">\t                                <div class=\"elementor-testimonial-details\">\t                                    <div class=\"elementor-testimonial-name\">Arkadiusz<\/div>\t\t\t\t\t\t\t\t\t<\/div>                            <\/div>\n                        <\/div>                    <\/div><\/div><div class=\"cs-ts-item\">                    <div class=\"cs-testimonial\"><div class=\"cs-testimonial-rating\"><span class=\"cs-testimonial-stars\"><\/span><\/div>                        <div class=\"cs-testimonial-content\">Sp\u0119dzili\u015bmy cudowny czas w mieszkaniu La Marea w Calahonda. Mieszkanie jest w pe\u0142ni wyposa\u017cone, niczego nam nie brakowa\u0142o, a wn\u0119trza by\u0142y nieskazitelnie czyste i doskonale przygotowane na nasz przyjazd. Byli\u015bmy mi\u0142o zaskoczeni drobnym gestem ze strony gospodarza \u2013 bardzo dzi\u0119kuj\u0119 za to! Lokalizacja apartamentu jest doskona\u0142a \u2013 zaledwie 15 minut spacerem od pla\u017cy, z wieloma restauracjami i sklepami w pobli\u017cu. To tak\u017ce idealna baza do zwiedzania Malagi, Marbelli i innych urokliwych miejsc na Costa del Sol. Dodatkow\u0105 zalet\u0105 by\u0142a doskona\u0142a komunikacja z pani\u0105 Justyn\u0105, kt\u00f3ra zadba\u0142a o ka\u017cdy szczeg\u00f3\u0142 naszego pobytu. Z ca\u0142ego serca polecamy to miejsce i na pewno wr\u00f3cimy!      <\/div>                        <div class=\"cs-testimonial-meta\">\n                            <div class=\"elementor-testimonial-meta-inner\">\t                                <div class=\"elementor-testimonial-details\">\t                                    <div class=\"elementor-testimonial-name\">Marcin<\/div>\t\t\t\t\t\t\t\t\t<\/div>                            <\/div>\n                        <\/div>                    <\/div><\/div><div class=\"cs-ts-item\">                    <div class=\"cs-testimonial\"><div class=\"cs-testimonial-rating\"><span class=\"cs-testimonial-stars\"><\/span><\/div>                        <div class=\"cs-testimonial-content\">Sp\u0119dzi\u0142em wspania\u0142y pobyt w apartamencie La Marea w Calahonda z moimi dzie\u0107mi. Stylowy i przytulny wystr\u00f3j, nowoczesne meble oraz relaksuj\u0105ca kolorystyka sprawi\u0142y, \u017ce to miejsce na wypoczynek. Taras by\u0142 naszym ulubionym miejscem \u2014 \u015bwietnym miejscem do relaksu przy kawie, gdy dzieci si\u0119 bawi\u0142y.  \n\nMieszkanie by\u0142o w pe\u0142ni wyposa\u017cone, z dobrze zaopatrzon\u0105 kuchni\u0105, pralk\u0105, zmywark\u0105 i szybkim Wi-Fi. Wszystko by\u0142o na najwy\u017cszym poziomie. Gor\u0105co polecam to miejsce ka\u017cdemu, kto szuka wygodnego i pi\u0119knie zaprojektowanego miejsca na wakacje. Na pewno wr\u00f3cimy!   <\/div>                        <div class=\"cs-testimonial-meta\">\n                            <div class=\"elementor-testimonial-meta-inner\">\t                                <div class=\"elementor-testimonial-details\">\t                                    <div class=\"elementor-testimonial-name\">Aleksandra<\/div>\t\t\t\t\t\t\t\t\t<\/div>                            <\/div>\n                        <\/div>                    <\/div><\/div><div class=\"cs-ts-item\">                    <div class=\"cs-testimonial\"><div class=\"cs-testimonial-rating\"><span class=\"cs-testimonial-stars\"><\/span><\/div>                        <div class=\"cs-testimonial-content\">By\u0142em go\u015bciem w mieszkaniu podczas zimowych wakacji w lutym 2024 roku. Mieszkanie znajduje si\u0119 w \u0142adnej, cichej okolicy, 10 minut spacerem od morza. \u0141atwy dost\u0119p z lotniska. W okolicy jest wiele atrakcji. Mieszkanie jest w pe\u0142ni wyposa\u017cone, \u0142adnie wyko\u0144czone, czyste i zadbane. Przestronna kuchnia, kt\u00f3rej niczego nie brakuje! Dwie \u0142azienki, dwie sypialnie i przestronny salon. W\u0142a\u015bciciele zadbali o ka\u017cdy szczeg\u00f3\u0142. Wydajna i dobrze ch\u0142odz\u0105ca klimatyzacja w ka\u017cdym pomieszczeniu. Dost\u0119p do darmowego Wi-Fi, Netflixa i YouTube. Nasze przybycie towarzyszy\u0142 nam \u017cyczliwy gest gospodarzy \u2013 butelka szampana i czekoladki :)) Przed mieszkaniem znajduje si\u0119 prywatny ogr\u00f3d z grillem i meblami ogrodowymi. Za ogrodzeniem znajduje si\u0119 du\u017cy basen, kt\u00f3ry latem jest dodatkow\u0105 atrakcj\u0105. Przed obiektem dost\u0119pne s\u0105 miejsca parkingowe. Polecam! 10 na 10!              <\/div>                        <div class=\"cs-testimonial-meta\">\n                            <div class=\"elementor-testimonial-meta-inner\">\t                                <div class=\"elementor-testimonial-details\">\t                                    <div class=\"elementor-testimonial-name\">Patrycja<\/div>\t\t\t\t\t\t\t\t\t<\/div>                            <\/div>\n                        <\/div>                    <\/div><\/div><div class=\"cs-ts-item\">                    <div class=\"cs-testimonial\"><div class=\"cs-testimonial-rating\"><span class=\"cs-testimonial-stars\"><\/span><\/div>                        <div class=\"cs-testimonial-content\">Wspania\u0142e miejsce!! Mieszkanie jest naprawd\u0119 bardzo \u0142adne, czyste, zadbane, pi\u0119knie urz\u0105dzone, przestronne i w pe\u0142ni wyposa\u017cone. Znajduje si\u0119 w cichej i spokojnej okolicy. Mieszkanie posiada w\u0142asny prywatny ogr\u00f3d oraz dodatkowy dost\u0119p do wsp\u00f3lnego basenu przeznaczonego wy\u0142\u0105cznie dla mieszka\u0144c\u00f3w. Doskona\u0142a baza do zwiedzania pobliskich miast takich jak Malaga, Marbella, Estepona, Gibraltar... Pla\u017ca znajduje si\u0119 w przyjemnej odleg\u0142o\u015bci spaceru. Wzd\u0142u\u017c morza rozci\u0105ga si\u0119 promenada z pi\u0119knymi widokami. Do\u0142\u0105czam kilka zdj\u0119\u0107 zrobionych podczas mojego pobytu. Gor\u0105co polecam!       <\/div>                        <div class=\"cs-testimonial-meta\">\n                            <div class=\"elementor-testimonial-meta-inner\">\t                                <div class=\"elementor-testimonial-details\">\t                                    <div class=\"elementor-testimonial-name\">Agnieszka<\/div>\t\t\t\t\t\t\t\t\t<\/div>                            <\/div>\n                        <\/div>                    <\/div><\/div><div class=\"cs-ts-item\">                    <div class=\"cs-testimonial\"><div class=\"cs-testimonial-rating\"><span class=\"cs-testimonial-stars\"><\/span><\/div>                        <div class=\"cs-testimonial-content\">Gor\u0105co polecamy to mieszkanie! Od momentu rezerwacji a\u017c do ko\u0144ca naszego pobytu komunikacja z w\u0142a\u015bcicielem i lokalnym gospodarzem by\u0142a \u015bwietna \u2013 byli niezwykle pomocni, mili i udzielili nam \u015bwietnych rekomendacji lokalnych atrakcji i miejsc do odwiedzenia. Mieszkanie by\u0142o blisko restauracji, sklep\u00f3w i nadmorza \u2013 przestronne, nieskazitelnie czyste i w pe\u0142ni przygotowane na przyj\u0119cie go\u015bci. Kuchnia by\u0142a bardzo dobrze wyposa\u017cona, co sprawi\u0142o, \u017ce nasz pobyt by\u0142 jeszcze bardziej komfortowy. Od samego pocz\u0105tku czuli\u015bmy si\u0119 jak w domu. Dzi\u0119kujemy za wspania\u0142\u0105 go\u015bcinno\u015b\u0107 \u2013 ch\u0119tnie wr\u00f3cimy do niej w przysz\u0142o\u015bci!     <\/div>                        <div class=\"cs-testimonial-meta\">\n                            <div class=\"elementor-testimonial-meta-inner\">\t                                <div class=\"elementor-testimonial-details\">\t                                    <div class=\"elementor-testimonial-name\">Kuba<\/div>\t\t\t\t\t\t\t\t\t<\/div>                            <\/div>\n                        <\/div>                    <\/div><\/div><div class=\"cs-ts-item\">                    <div class=\"cs-testimonial\"><div class=\"cs-testimonial-rating\"><span class=\"cs-testimonial-stars\"><\/span><\/div>                        <div class=\"cs-testimonial-content\">Nasz pobyt w apartamencie La Marea by\u0142 fantastyczny! Przestronne, gustownie urz\u0105dzone wn\u0119trza sprawi\u0142y, \u017ce poczuli\u015bmy si\u0119 jak w domu. Wygodne sypialnie, w pe\u0142ni wyposa\u017cona kuchnia i nieskazitelna czysto\u015b\u0107 przeros\u0142y nasze oczekiwania.  \n\nMieszkanie znajduje si\u0119 w spokojnej okolicy z pi\u0119knymi widokami, blisko restauracji i sklep\u00f3w. Du\u017cy taras by\u0142 idealny do opalania si\u0119 w ci\u0105gu dnia i wieczornego delektowania si\u0119 winem. Dba\u0142o\u015b\u0107 w\u0142a\u015bcicieli o szczeg\u00f3\u0142y i p\u0142ynna komunikacja z Justyn\u0105 sprawi\u0142y, \u017ce nasz pobyt by\u0142 jeszcze lepszy. Gor\u0105co polecam \u2014 na pewno wr\u00f3cimy!   <\/div>                        <div class=\"cs-testimonial-meta\">\n                            <div class=\"elementor-testimonial-meta-inner\">\t                                <div class=\"elementor-testimonial-details\">\t                                    <div class=\"elementor-testimonial-name\">Grzegorz<\/div>\t\t\t\t\t\t\t\t\t<\/div>                            <\/div>\n                        <\/div>                    <\/div><\/div><div class=\"cs-ts-item\">                    <div class=\"cs-testimonial\"><div class=\"cs-testimonial-rating\"><span class=\"cs-testimonial-stars\"><\/span><\/div>                        <div class=\"cs-testimonial-content\">I recommend this apartment!!!! Very good communication with Ms. Justyna. She answered all our questions. We felt very warmly welcomed. Ideal conditions for relaxation and maximum privacy. The apartment is equipped like a home \u2013 everything you need: kitchen appliances, TV, towels, clean and beautifully scented bedding, comfortable beds, a choice of a bathtub or shower, a coffee machine, and a grill. We had two bathrooms, two bedrooms, and a large room with a kitchen and dining area at our disposal. The apartment was beautifully cleaned with a nice welcome touch\u263a\ufe0f The La Marea apartment is an ideal place for relaxation. The quiet and green surroundings are perfect for walking. I recommend this place and will definitely return next year.         Aleksandra\n\n<\/div>                        <div class=\"cs-testimonial-meta\">\n                            <div class=\"elementor-testimonial-meta-inner\">\t                                <div class=\"elementor-testimonial-details\">\t                                    <div class=\"elementor-testimonial-name\">Aleksandra<\/div>\t\t\t\t\t\t\t\t\t<\/div>                            <\/div>\n                        <\/div>                    <\/div><\/div><div class=\"cs-ts-item\">                    <div class=\"cs-testimonial\"><div class=\"cs-testimonial-rating\"><span class=\"cs-testimonial-stars\"><\/span><\/div>                        <div class=\"cs-testimonial-content\">Sp\u0119dzili\u015bmy cudowny czas w mieszkaniu La Marea w Calahondzie. Mieszkanie wyr\u00f3\u017cnia si\u0119 rozmiarem, dwoma \u0142azienkami i uroczym ma\u0142ym ogrodkiem. Mieszkanie jest w pe\u0142ni wyposa\u017cone, niczego nam nie brakowa\u0142o, a wn\u0119trza by\u0142y nieskazitelnie czyste i doskonale przygotowane na nasz przyjazd. Byli\u015bmy bardzo mi\u0142o zaskoczeni drobnym gestem ze strony gospodarza \u2013 bardzo dzi\u0119kujemy za to! Lokalizacja apartamentu jest doskona\u0142a \u2013 zaledwie 15 minut spacerem od pla\u017cy, z wieloma restauracjami i sklepami w pobli\u017cu. Idealne miejsce na relaks. Podr\u00f3\u017c z lotniska zaj\u0119\u0142a nam tylko trzydzie\u015bci minut. To tak\u017ce idealna baza do zwiedzania Malagi, Marbelli i innych urokliwych miejsc na Costa del Sol. Dodatkow\u0105 zalet\u0105 by\u0142a doskona\u0142a komunikacja z pani\u0105 Justyn\u0105, kt\u00f3ra zadba\u0142a o ka\u017cdy szczeg\u00f3\u0142 naszego pobytu. Z ca\u0142ego serca polecamy to miejsce i na pewno wr\u00f3cimy! Marcin          <\/div>                        <div class=\"cs-testimonial-meta\">\n                            <div class=\"elementor-testimonial-meta-inner\">\t                                <div class=\"elementor-testimonial-details\">\t                                    <div class=\"elementor-testimonial-name\">Marcin<\/div>\t\t\t\t\t\t\t\t\t<\/div>                            <\/div>\n                        <\/div>                    <\/div><\/div><div class=\"cs-ts-item\">                    <div class=\"cs-testimonial\"><div class=\"cs-testimonial-rating\"><span class=\"cs-testimonial-stars\"><\/span><\/div>                        <div class=\"cs-testimonial-content\">Z ca\u0142ego serca polecamy to miejsce i okolic\u0119. Mieszkanie jest przestronne, zadbane, idealnie wyposa\u017cone, z parasolem i lekkimi le\u017cakami, kt\u00f3re mo\u017cna zabra\u0107 nad morze. Zalet\u0105 by\u0142o to, \u017ce nasza rodzina mia\u0142a dwie \u0142azienki. Dost\u0119pny jest du\u017cy basen. Czuli\u015bmy si\u0119 komfortowo i jak w domu. W\u0142a\u015bciciel jest dost\u0119pny telefonicznie i pomocny w ka\u017cdej sprawie. Sp\u0119dzili\u015bmy tu wspania\u0142e wakacje, wi\u0119c zach\u0119camy wszystkich do korzystania z tego pi\u0119knego miejsca. Justyna       <\/div>                        <div class=\"cs-testimonial-meta\">\n                            <div class=\"elementor-testimonial-meta-inner\">\t                                <div class=\"elementor-testimonial-details\">\t                                    <div class=\"elementor-testimonial-name\">Justyna<\/div>\t\t\t\t\t\t\t\t\t<\/div>                            <\/div>\n                        <\/div>                    <\/div><\/div><div class=\"cs-ts-item\">                    <div class=\"cs-testimonial\"><div class=\"cs-testimonial-rating\"><span class=\"cs-testimonial-stars\"><\/span><\/div>                        <div class=\"cs-testimonial-content\">Moja rodzina i ja mieli\u015bmy wspania\u0142e do\u015bwiadczenia, mieszkaj\u0105c w mieszkaniu Leszka. Mieszkanie ma 5 gwiazdek, a basen wsp\u00f3lny ma p\u0142ytki koniec, co bardzo spodoba\u0142o si\u0119 naszym dziewczynkom. Mamy nadziej\u0119, \u017ce wkr\u00f3tce wr\u00f3cimy \ud83d\ude42 Dzi\u0119kuj\u0119! Sam   <\/div>                        <div class=\"cs-testimonial-meta\">\n                            <div class=\"elementor-testimonial-meta-inner\">\t                                <div class=\"elementor-testimonial-details\">\t                                    <div class=\"elementor-testimonial-name\">Sam<\/div>\t\t\t\t\t\t\t\t\t<\/div>                            <\/div>\n                        <\/div>                    <\/div><\/div><\/div>            <\/div>\t\t\t\t<\/div>\n\t\t\t\t<\/div>\n\t\t\t\t\t<\/div>\n\t\t<\/div>\n\t\t\t\t\t<\/div>\n\t\t<\/section>\n\t\t\t\t<\/div>\n\t\t","protected":false},"excerpt":{"rendered":"<p>O gospodarzu Apartament jest profesjonalnie zarz\u0105dzany przez Espa Living, co zapewnia p\u0142ynny, komfortowy i dobrze zorganizowany pobyt od pocz\u0105tku do ko\u0144ca. Nasz zesp\u00f3\u0142 m\u00f3wi po angielsku, hiszpa\u0144sku, niemiecku, esto\u0144sku, fi\u0144sku, szwedzku i rosyjsku i zawsze ch\u0119tnie pomo\u017ce w przypadku jakichkolwiek pyta\u0144 przed lub w trakcie pobytu. Serdecznie witamy w Apartamencie La Marea \u2014 z rado\u015bci\u0105 &#8230;<\/p>\n","protected":false},"author":1,"featured_media":0,"parent":0,"menu_order":0,"comment_status":"closed","ping_status":"closed","template":"elementor_header_footer","meta":{"cozystay_single_page_hide_site_header":"","cozystay_single_page_site_header_source":"","cozystay_single_page_custom_site_header":"0","cozystay_single_page_custom_sticky_site_header":"0","cozystay_single_page_hide_page_title":"","cozystay_single_page_header_section_size":"","cozystay_single_page_header_background_color":"","cozystay_single_page_header_background_position_x":"center","cozystay_single_page_header_background_position_y":"center","cozystay_single_page_header_background_size":"cover","cozystay_single_page_header_background_repeat":"off","cozystay_single_page_header_background_scroll":"on","cozystay_single_page_header_text_color":"","cozystay_single_page_header_show_breadcrumb":"","cozystay_single_page_site_footer_hide_main":"","cozystay_single_custom_site_footer_main_source":"","cozystay_single_custom_site_footer_main":"0","cozystay_single_page_site_footer_hide_above":"","cozystay_single_custom_site_footer_above_source":"","cozystay_single_custom_site_footer_above":"0","cozystay_single_page_site_footer_hide_instagram":"","cozystay_single_page_site_footer_hide_bottom":"","cozystay_single_custom_mobile_menu_source":"","cozystay_single_custom_mobile_menu":"0","cozystay_single_custom_mobile_menu_animation":"","cozystay_single_custom_mobile_menu_width":"","cozystay_single_custom_mobile_menu_custom_width":375,"footnotes":""},"class_list":["post-733","page","type-page","status-publish","hentry"],"_links":{"self":[{"href":"https:\/\/lamareapartments.com\/pl\/wp-json\/wp\/v2\/pages\/733","targetHints":{"allow":["GET"]}}],"collection":[{"href":"https:\/\/lamareapartments.com\/pl\/wp-json\/wp\/v2\/pages"}],"about":[{"href":"https:\/\/lamareapartments.com\/pl\/wp-json\/wp\/v2\/types\/page"}],"author":[{"embeddable":true,"href":"https:\/\/lamareapartments.com\/pl\/wp-json\/wp\/v2\/users\/1"}],"replies":[{"embeddable":true,"href":"https:\/\/lamareapartments.com\/pl\/wp-json\/wp\/v2\/comments?post=733"}],"version-history":[{"count":19,"href":"https:\/\/lamareapartments.com\/pl\/wp-json\/wp\/v2\/pages\/733\/revisions"}],"predecessor-version":[{"id":3415,"href":"https:\/\/lamareapartments.com\/pl\/wp-json\/wp\/v2\/pages\/733\/revisions\/3415"}],"wp:attachment":[{"href":"https:\/\/lamareapartments.com\/pl\/wp-json\/wp\/v2\/media?parent=733"}],"curies":[{"name":"wp","href":"https:\/\/api.w.org\/{rel}","templated":true}]}}