{"id":727,"date":"2024-12-31T19:12:00","date_gmt":"2024-12-31T18:12:00","guid":{"rendered":"https:\/\/lamareapartments.com\/blog\/"},"modified":"2025-04-03T22:56:56","modified_gmt":"2025-04-03T20:56:56","slug":"blog","status":"publish","type":"page","link":"https:\/\/lamareapartments.com\/pl\/blog\/","title":{"rendered":"Blog"},"content":{"rendered":"\t\t<div data-elementor-type=\"wp-page\" data-elementor-id=\"727\" class=\"elementor elementor-727 elementor-555\" data-elementor-post-type=\"page\">\n\t\t\t\t<div class=\"elementor-element elementor-element-0c80c15 e-flex e-con-boxed e-con e-parent\" data-id=\"0c80c15\" data-element_type=\"container\" data-e-type=\"container\">\n\t\t\t\t\t<div class=\"e-con-inner\">\n\t\t\t\t<div class=\"elementor-element elementor-element-1e60b90 elementor-widget elementor-widget-cs_title\" data-id=\"1e60b90\" data-element_type=\"widget\" data-e-type=\"widget\" data-widget_type=\"cs_title.default\">\n\t\t\t\t<div class=\"elementor-widget-container\">\n\t\t\t\t\t\n        <div class=\"cs-title-wrap text-left\">\t            <h4 class=\"cs-title\">\n\t                Blog\t            <\/h4>\t            <div class=\"cs-title-text\">\n\t                <p>Witamy na blogu <em>La Marea<\/em>, miejscu, w kt\u00f3rym znajdziesz wskaz\u00f3wki, lokalne spostrze\u017cenia i wszystko, co musisz wiedzie\u0107, aby jak najlepiej wykorzysta\u0107 sw\u00f3j pobyt w Calahonda. Od ukrytych pere\u0142ek po praktyczne porady, b\u0119dziemy dzieli\u0107 si\u0119 wszystkim, od lokalnych atrakcji po wyj\u0105tkowe do\u015bwiadczenia, kt\u00f3re urozmaic\u0105 Tw\u00f3j czas na Costa del Sol. B\u0105d\u017a na bie\u017c\u0105co z nowymi tre\u015bciami, wskaz\u00f3wkami dotycz\u0105cymi podr\u00f3\u017cy i aktualizacjami dotycz\u0105cymi \u017cycia w <em>La Marea<\/em>.  <\/p>\t            <\/div>        <\/div>\t\t\t\t<\/div>\n\t\t\t\t<\/div>\n\t\t\t\t<div class=\"elementor-element elementor-element-f472f16 elementor-widget-mobile__width-inherit elementor-widget elementor-widget-cs_blog\" data-id=\"f472f16\" data-element_type=\"widget\" data-e-type=\"widget\" data-widget_type=\"cs_blog.default\">\n\t\t\t\t<div class=\"elementor-widget-container\">\n\t\t\t\t\t\t\t\t\t<div class=\"posts layout-overlay column-3 layout-grid img-ratio-4-5 btn-slide-up\">\n\t\t\t\t\t\t\t\t\t<div class=\"posts-wrapper\">\n<article class=\"post-743 post type-post status-publish format-standard has-post-thumbnail hentry category-bez-kategorii\">\n            <div class=\"featured-img\">\n        \t<a href=\"https:\/\/lamareapartments.com\/pl\/jak-dostac-sie-z-lotniska-w-maladze-do-calahondy\/\"><img fetchpriority=\"high\" decoding=\"async\" width=\"780\" height=\"442\" src=\"https:\/\/lamareapartments.com\/wp-content\/uploads\/2024\/12\/The-Property-Agente-Malaga-Airport-1-780x442.jpg\" class=\"attachment-cozystay_780x9999 size-cozystay_780x9999 wp-post-image image-layout-overlay-column-3\" alt=\"\" srcset=\"https:\/\/lamareapartments.com\/wp-content\/uploads\/2024\/12\/The-Property-Agente-Malaga-Airport-1-780x442.jpg 780w, https:\/\/lamareapartments.com\/wp-content\/uploads\/2024\/12\/The-Property-Agente-Malaga-Airport-1-300x170.jpg 300w, https:\/\/lamareapartments.com\/wp-content\/uploads\/2024\/12\/The-Property-Agente-Malaga-Airport-1-1024x580.jpg 1024w, https:\/\/lamareapartments.com\/wp-content\/uploads\/2024\/12\/The-Property-Agente-Malaga-Airport-1-768x435.jpg 768w, https:\/\/lamareapartments.com\/wp-content\/uploads\/2024\/12\/The-Property-Agente-Malaga-Airport-1-600x340.jpg 600w, https:\/\/lamareapartments.com\/wp-content\/uploads\/2024\/12\/The-Property-Agente-Malaga-Airport-1-550x312.jpg 550w, https:\/\/lamareapartments.com\/wp-content\/uploads\/2024\/12\/The-Property-Agente-Malaga-Airport-1-370x210.jpg 370w, https:\/\/lamareapartments.com\/wp-content\/uploads\/2024\/12\/The-Property-Agente-Malaga-Airport-1-255x145.jpg 255w, https:\/\/lamareapartments.com\/wp-content\/uploads\/2024\/12\/The-Property-Agente-Malaga-Airport-1-150x85.jpg 150w, https:\/\/lamareapartments.com\/wp-content\/uploads\/2024\/12\/The-Property-Agente-Malaga-Airport-1.jpg 1200w\" sizes=\"(max-width: 780px) 100vw, 780px\" \/><\/a>        <\/div>\n    <div class=\"post-content\">\n        <header class=\"post-header\">    <h2 class=\"post-title\">\n        <a href=\"https:\/\/lamareapartments.com\/pl\/jak-dostac-sie-z-lotniska-w-maladze-do-calahondy\/\">Jak dosta\u0107 si\u0119 z lotniska w Maladze do Calahondy<\/a>\n    <\/h2>        <\/header>            <footer class=\"post-footer\">        <div class=\"more-btn\">\n            <a class=\"read-more-btn button cs-btn-underline\" href=\"https:\/\/lamareapartments.com\/pl\/jak-dostac-sie-z-lotniska-w-maladze-do-calahondy\/\"><span>Read More<\/span><\/a>\n        <\/div>            <\/footer>    <\/div>\n<\/article>\n\n<article class=\"post-991 post type-post status-publish format-standard has-post-thumbnail hentry category-bez-kategorii\">\n            <div class=\"featured-img\">\n        \t<a href=\"https:\/\/lamareapartments.com\/pl\/10-rzeczy-do-zrobienia-w-calahonda-dla-osob-odwiedzajacych-to-miejsce-po-raz-pierwszy\/\"><img decoding=\"async\" width=\"780\" height=\"439\" src=\"https:\/\/lamareapartments.com\/wp-content\/uploads\/2024\/12\/1-780x439.jpg\" class=\"attachment-cozystay_780x9999 size-cozystay_780x9999 wp-post-image image-layout-overlay-column-3\" alt=\"\" srcset=\"https:\/\/lamareapartments.com\/wp-content\/uploads\/2024\/12\/1-780x439.jpg 780w, https:\/\/lamareapartments.com\/wp-content\/uploads\/2024\/12\/1-300x169.jpg 300w, https:\/\/lamareapartments.com\/wp-content\/uploads\/2024\/12\/1-768x432.jpg 768w, https:\/\/lamareapartments.com\/wp-content\/uploads\/2024\/12\/1-600x337.jpg 600w, https:\/\/lamareapartments.com\/wp-content\/uploads\/2024\/12\/1-550x309.jpg 550w, https:\/\/lamareapartments.com\/wp-content\/uploads\/2024\/12\/1-370x208.jpg 370w, https:\/\/lamareapartments.com\/wp-content\/uploads\/2024\/12\/1-255x143.jpg 255w, https:\/\/lamareapartments.com\/wp-content\/uploads\/2024\/12\/1-150x84.jpg 150w, https:\/\/lamareapartments.com\/wp-content\/uploads\/2024\/12\/1.jpg 900w\" sizes=\"(max-width: 780px) 100vw, 780px\" \/><\/a>        <\/div>\n    <div class=\"post-content\">\n        <header class=\"post-header\">    <h2 class=\"post-title\">\n        <a href=\"https:\/\/lamareapartments.com\/pl\/10-rzeczy-do-zrobienia-w-calahonda-dla-osob-odwiedzajacych-to-miejsce-po-raz-pierwszy\/\">10 rzeczy do zrobienia w Calahonda dla os\u00f3b odwiedzaj\u0105cych to miejsce po raz pierwszy<\/a>\n    <\/h2>        <\/header>            <footer class=\"post-footer\">        <div class=\"more-btn\">\n            <a class=\"read-more-btn button cs-btn-underline\" href=\"https:\/\/lamareapartments.com\/pl\/10-rzeczy-do-zrobienia-w-calahonda-dla-osob-odwiedzajacych-to-miejsce-po-raz-pierwszy\/\"><span>Read More<\/span><\/a>\n        <\/div>            <\/footer>    <\/div>\n<\/article>\n\t\t\t\t<\/div>\t\t\t\t<\/div>\t\t\t\t<\/div>\n\t\t\t\t<\/div>\n\t\t\t\t\t<\/div>\n\t\t\t\t<\/div>\n\t\t\t\t<\/div>\n\t\t","protected":false},"excerpt":{"rendered":"<p>Blog Witamy na blogu La Marea, miejscu, w kt\u00f3rym znajdziesz wskaz\u00f3wki, lokalne spostrze\u017cenia i wszystko, co musisz wiedzie\u0107, aby jak najlepiej wykorzysta\u0107 sw\u00f3j pobyt w Calahonda. Od ukrytych pere\u0142ek po praktyczne porady, b\u0119dziemy dzieli\u0107 si\u0119 wszystkim, od lokalnych atrakcji po wyj\u0105tkowe do\u015bwiadczenia, kt\u00f3re urozmaic\u0105 Tw\u00f3j czas na Costa del Sol. B\u0105d\u017a na bie\u017c\u0105co z nowymi &#8230;<\/p>\n","protected":false},"author":1,"featured_media":0,"parent":0,"menu_order":0,"comment_status":"closed","ping_status":"closed","template":"elementor_header_footer","meta":{"cozystay_single_page_hide_site_header":"","cozystay_single_page_site_header_source":"","cozystay_single_page_custom_site_header":"0","cozystay_single_page_custom_sticky_site_header":"0","cozystay_single_page_hide_page_title":"","cozystay_single_page_header_section_size":"","cozystay_single_page_header_background_color":"","cozystay_single_page_header_background_position_x":"center","cozystay_single_page_header_background_position_y":"center","cozystay_single_page_header_background_size":"cover","cozystay_single_page_header_background_repeat":"off","cozystay_single_page_header_background_scroll":"on","cozystay_single_page_header_text_color":"","cozystay_single_page_header_show_breadcrumb":"","cozystay_single_page_site_footer_hide_main":"","cozystay_single_custom_site_footer_main_source":"","cozystay_single_custom_site_footer_main":"0","cozystay_single_page_site_footer_hide_above":"","cozystay_single_custom_site_footer_above_source":"","cozystay_single_custom_site_footer_above":"0","cozystay_single_page_site_footer_hide_instagram":"","cozystay_single_page_site_footer_hide_bottom":"","cozystay_single_custom_mobile_menu_source":"","cozystay_single_custom_mobile_menu":"0","cozystay_single_custom_mobile_menu_animation":"","cozystay_single_custom_mobile_menu_width":"","cozystay_single_custom_mobile_menu_custom_width":375,"footnotes":""},"class_list":["post-727","page","type-page","status-publish","hentry"],"_links":{"self":[{"href":"https:\/\/lamareapartments.com\/pl\/wp-json\/wp\/v2\/pages\/727","targetHints":{"allow":["GET"]}}],"collection":[{"href":"https:\/\/lamareapartments.com\/pl\/wp-json\/wp\/v2\/pages"}],"about":[{"href":"https:\/\/lamareapartments.com\/pl\/wp-json\/wp\/v2\/types\/page"}],"author":[{"embeddable":true,"href":"https:\/\/lamareapartments.com\/pl\/wp-json\/wp\/v2\/users\/1"}],"replies":[{"embeddable":true,"href":"https:\/\/lamareapartments.com\/pl\/wp-json\/wp\/v2\/comments?post=727"}],"version-history":[{"count":2,"href":"https:\/\/lamareapartments.com\/pl\/wp-json\/wp\/v2\/pages\/727\/revisions"}],"predecessor-version":[{"id":729,"href":"https:\/\/lamareapartments.com\/pl\/wp-json\/wp\/v2\/pages\/727\/revisions\/729"}],"wp:attachment":[{"href":"https:\/\/lamareapartments.com\/pl\/wp-json\/wp\/v2\/media?parent=727"}],"curies":[{"name":"wp","href":"https:\/\/api.w.org\/{rel}","templated":true}]}}