{"id":2149,"date":"2025-05-12T21:38:29","date_gmt":"2025-05-12T19:38:29","guid":{"rendered":"https:\/\/lamareapartments.com\/zasady-rezerwacji\/"},"modified":"2025-07-07T07:39:11","modified_gmt":"2025-07-07T05:39:11","slug":"zasady-rezerwacji","status":"publish","type":"page","link":"https:\/\/lamareapartments.com\/pl\/zasady-rezerwacji\/","title":{"rendered":"Zasady rezerwacji"},"content":{"rendered":"\t\t<div data-elementor-type=\"wp-page\" data-elementor-id=\"2149\" class=\"elementor elementor-2149 elementor-2142\" data-elementor-post-type=\"page\">\n\t\t\t\t<div class=\"elementor-element elementor-element-2d99d73 e-flex e-con-boxed e-con e-parent\" data-id=\"2d99d73\" data-element_type=\"container\" data-e-type=\"container\">\n\t\t\t\t\t<div class=\"e-con-inner\">\n\t\t\t\t<div class=\"elementor-element elementor-element-0aa7f4c elementor-widget elementor-widget-html\" data-id=\"0aa7f4c\" data-element_type=\"widget\" data-e-type=\"widget\" data-widget_type=\"html.default\">\n\t\t\t\t<div class=\"elementor-widget-container\">\n\t\t\t\t\t<h2>Regulamin: Zasady dotycz\u0105ce go\u015bci<\/h2>\n\n<p>Dzi\u0119kujemy za wybranie La Marea apartament na sw\u00f3j pobyt. Zapoznaj si\u0119 z poni\u017cszymi zasadami, aby zapewni\u0107 przyjemne i bezproblemowe korzystanie z us\u0142ugi.<\/p>\n\n<h3>\u00a71 Postanowienia og\u00f3lne<\/h3>\n<ol>\n  <li>Zasady te maj\u0105 zastosowanie do wszystkich Go\u015bci zatrzymuj\u0105cych si\u0119 w apartamencie La Marea, zlokalizowanym pod adresem C. Monte Para\u00edso, 33, 29649 Calahonda, M\u00e1laga, Hiszpania.<\/li>\n  <li>Okre\u015blenie \u201eLa Marea Apartament\u201d odnosi si\u0119 do w\u0142a\u015bciciela Apartamentu, natomiast okre\u015blenie \u201eGo\u015b\u0107\u201d odnosi si\u0119 do najemcy.<\/li>\n<\/ol>\n\n<h3>\u00a72 Zameldowanie i Wymeldowanie<\/h3>\n<ol>\n  <li>Najemca powinien posiada\u0107 wa\u017cny dow\u00f3d to\u017csamo\u015bci, paszport lub prawo jazdy, kt\u00f3rych okazanie (orygina\u0142) jest wymagane przy przekazaniu Apartamentu\/Domu.<\/li>\n  <li>Najemca u chwili wynajmu powinien mie\u0107 uko\u0144czone 21 lat.<\/li>\n  <li>Apartament wynajmowany jest na minimum 3 noce.<\/li>\n  <li>Zameldowanie mo\u017cliwe jest od godziny 16:00, a wymeldowanie nast\u0119puje do godziny 10:00.<\/li>\n  <li>Ze wzgl\u0119du na bezpiecze\u0144stwo i wygod\u0119 Go\u015bci nie wolno zaprasza\u0107 do apartamentu os\u00f3b niezameldowanych. Za naruszenia zostanie na\u0142o\u017cona kara w wysoko\u015bci 500 EUR, a niezarejestrowane osoby zostan\u0105 poproszone o opuszczenie obiektu.<\/li>\n  <li>Przy wynajmie nale\u017cy ui\u015bci\u0107 zwrotn\u0105 kaucj\u0119 w wysoko\u015bci 200\u20ac. Kaucja musi zosta\u0107 wp\u0142acona najp\u00f3\u017aniej w dniu wynajmu, w przypadku wp\u0142aty przelewem \u015brodki musz\u0105 by\u0107 zaksi\u0119gowane na koncie Wynajmuj\u0105cego przed wydaniem Apartamentu\/Domu. Zwrot kaucji nast\u0119puje najp\u00f3\u017aniej w terminie 7 dni od dnia zwrotu kluczy i sprawdzeniu apartamentu przez administratora.<\/li>\n  <li>Go\u015bcie chc\u0105cy przed\u0142u\u017cy\u0107 pobyt musz\u0105 z\u0142o\u017cy\u0107 wniosek o przed\u0142u\u017cenie pobytu co najmniej 2 dni przed planowanym wyjazdem, w zale\u017cno\u015bci od dost\u0119pno\u015bci Apartamentu.<\/li>\n  <li>Cisza nocna obowi\u0105zuje od 22:00 do 7:00. La Marea Apartament zastrzega sobie prawo do odmowy \u015bwiadczenia us\u0142ug Go\u015bciom, kt\u00f3rzy nie zastosuj\u0105 si\u0119 do niniejszego Regulaminu.<\/li>\n<\/ol>\n\n<h3>\u00a73 Procedura rezerwacji i zameldowania<\/h3>\n<ol>\n  <li>Rezerwacji mo\u017cna dokona\u0107 on-line, telefonicznie lub mailowo.<\/li>\n  <li>W La Marea Apartament w okresie najmu mog\u0105 mieszka\u0107 maksymalnie 4 osoby. W przypadku zamieszkania w apartamencie wi\u0119kszej ilo\u015bci os\u00f3b (max. 6) Go\u015b\u0107 zobowi\u0105zany jest niezw\u0142ocznie poinformowa\u0107 o tym fakcie La Marea Apartament, kt\u00f3ry upowa\u017cniony jest do naliczenia dodatkowej op\u0142aty za ka\u017cdy dzie\u0144 pobytu dodatkowej osoby.<\/li>\n  <li>Podane w cenniku ceny to ceny brutto, ceny obowi\u0105zuj\u0105 przy maksymalnie 4 osobach, pozostali Go\u015bcie mog\u0105 przebywa\u0107 w La Marea Apartament za dodatkow\u0105 op\u0142at\u0105 10\u20ac\/doba od osoby.<\/li>\n  <li>Aby rezerwacja by\u0142a wa\u017cna nale\u017cy wp\u0142aci\u0107 op\u0142at\u0119 rezerwacyjn\u0105 w wysoko\u015bci 30% warto\u015bci wynajmu w ci\u0105gu 3 dni roboczych na konto: Leszek Radzikowski nr rach. ES72 0081 0619 5100 0298 1901 , BIC\/SWIFT Code: BSABESBBXXX.<\/li>\n  <li>Rezerwacja zostaje potwierdzona po wys\u0142aniu potwierdzenia e-mailem na podany adres.<\/li>\n  <li>Go\u015bcie otrzymaj\u0105 komplet kluczy.<\/li>\n  <li>Ceny podane na stronie internetowej La Marea Apartament zawieraj\u0105 podatek VAT.<\/li>\n  <li>Ca\u0142kowita op\u0142ata za pobyt pobierana jest z g\u00f3ry \u2013 14 dni przed przyjazdem.<\/li>\n  <li>W przypadku wcze\u015bniejszego wyjazdu op\u0142ata za pozosta\u0142e dni nie zostanie zwr\u00f3cona.<\/li>\n  <li>Zasady anulowania:\n    <ul>\n      <li>Bezp\u0142atne anulowanie mo\u017cliwe do 30 dni przed dat\u0105 przyjazdu.<\/li>\n      <li>Od 30 do 7 dni przed przyjazdem \u2013 zwrot 50%.<\/li>\n      <li>Mniej ni\u017c 7 dni \u2013 brak zwrotu (100% op\u0142aty).<\/li>\n    <\/ul>\n  <\/li>\n  <li>Opuszczenie apartamentu po godzinie 10:00 w dniu wymeldowania traktowane jest jako przed\u0142u\u017cenie pobytu.<\/li>\n  <li>Go\u015bcie nie mog\u0105 udost\u0119pnia\u0107 apartamentu osobom trzecim.<\/li>\n  <li>Wszelkie problemy z us\u0142ug\u0105 nale\u017cy natychmiast zg\u0142asza\u0107 e-mailem na <a href=\"mailto:admin@directestates.es\">admin@directestates.es<\/a> lub <a href=\"mailto:lamareaapartament@gmail.com\">lamareaapartament@gmail.com<\/a>.<\/li>\n  <li>Reklamacje zostan\u0105 rozpatrzone w ci\u0105gu 14 dni.<\/li>\n  <li>Zwroty \u015brodk\u00f3w zostan\u0105 zrealizowane przy u\u017cyciu oryginalnej metody p\u0142atno\u015bci.<\/li>\n  <li>Zwierz\u0119ta s\u0105 mile widziane, ale Najemca powinien uzyska\u0107 pisemn\u0105 zgod\u0119 La Marea Apartament o na pobyt zwierzaka w apartamencie. Tym samym kaucja wzrasta do 500\u20ac. Go\u015b\u0107 ponosi pe\u0142n\u0105 odpowiedzialno\u015b\u0107 za szkody poniesione w trakcie wynajmu przez zwierz\u0119.<\/li>\n<\/ol>\n\n<h3>\u00a74 Zwrot rzeczy zagubionych<\/h3>\n<ol>\n  <li>Pozostawione rzeczy osobiste zostan\u0105 odes\u0142ane pod wskazany adres na koszt Go\u015bcia.<\/li>\n  <li>W przypadku braku dyspozycji przedmioty b\u0119d\u0105 przechowywane przez 1 miesi\u0105c.<\/li>\n<\/ol>\n\n<h3>\u00a75 Postanowienia dodatkowe<\/h3>\n<ol>\n  <li>Zastrzegamy sobie prawo do odmowy obs\u0142ugi Go\u015bci, kt\u00f3rzy w przesz\u0142o\u015bci naruszyli regulamin lub wyrz\u0105dzili szkod\u0119.<\/li>\n  <li>Zwierz\u0119ta nie s\u0105 akceptowane - bez wcze\u015bniejszej pisemnej zgody w\u0142a\u015bciciela apartamentu oraz braku uiszczenia wy\u017cszej kwoty kaucji.<\/li>\n  <li>Ze wzgl\u0119du na bezpiecze\u0144stwo przeciwpo\u017carowe zabronione jest u\u017cywanie \u015bwiec, grzejnik\u00f3w, czajnik\u00f3w elektrycznych i podobnych urz\u0105dze\u0144, za wyj\u0105tkiem tych, kt\u00f3re zapewnia La Marea Apartament. Zwolnione s\u0105 \u0142adowarki do telefon\u00f3w i komputer\u00f3w.<\/li>\n  <li>Zabrania si\u0119 palenia, w tym u\u017cywania e-papieros\u00f3w. W przypadku narusze\u0144 zostanie naliczona op\u0142ata za sprz\u0105tanie w wysoko\u015bci 500 EUR.<\/li>\n  <li>Niebezpieczne towary, bro\u0144 i amunicja s\u0105 zabronione.<\/li>\n  <li>Go\u015bcie maj\u0105 obowi\u0105zek natychmiast zg\u0142osi\u0107 wszelkie szkody. Go\u015bcie ponosz\u0105 odpowiedzialno\u015b\u0107 materialn\u0105 za powsta\u0142e szkody.<\/li>\n  <li>La Marea Apartament ponosi ograniczon\u0105 odpowiedzialno\u015b\u0107 za utrat\u0119 lub uszkodzenie pieni\u0119dzy, papier\u00f3w warto\u015bciowych, przedmiot\u00f3w warto\u015bciowych i innych przedmiot\u00f3w o znacznej warto\u015bci.<\/li>\n  <li>Wszystkie przedmioty znajduj\u0105ce si\u0119 w pokojach i cz\u0119\u015bciach wsp\u00f3lnych s\u0105 w\u0142asno\u015bci\u0105 La Marea Apartament i nie wolno ich usuwa\u0107. Go\u015bcie ponosz\u0105 odpowiedzialno\u015b\u0107 finansow\u0105 za wszelkie brakuj\u0105ce elementy odkryte po wymeldowaniu.<\/li>\n<\/ol>\n\t\t\t\t<\/div>\n\t\t\t\t<\/div>\n\t\t\t\t\t<\/div>\n\t\t\t\t<\/div>\n\t\t\t\t<\/div>\n\t\t","protected":false},"excerpt":{"rendered":"<p>Regulamin: Zasady dotycz\u0105ce go\u015bci Dzi\u0119kujemy za wybranie La Marea apartament na sw\u00f3j pobyt. Zapoznaj si\u0119 z poni\u017cszymi zasadami, aby zapewni\u0107 przyjemne i bezproblemowe korzystanie z us\u0142ugi. \u00a71 Postanowienia og\u00f3lne Zasady te maj\u0105 zastosowanie do wszystkich Go\u015bci zatrzymuj\u0105cych si\u0119 w apartamencie La Marea, zlokalizowanym pod adresem C. Monte Para\u00edso, 33, 29649 Calahonda, M\u00e1laga, Hiszpania. Okre\u015blenie \u201eLa &#8230;<\/p>\n","protected":false},"author":1,"featured_media":0,"parent":0,"menu_order":0,"comment_status":"closed","ping_status":"closed","template":"template-fullwidth.php","meta":{"cozystay_single_page_hide_site_header":"","cozystay_single_page_site_header_source":"","cozystay_single_page_custom_site_header":"0","cozystay_single_page_custom_sticky_site_header":"0","cozystay_single_page_hide_page_title":"","cozystay_single_page_header_section_size":"","cozystay_single_page_header_background_color":"","cozystay_single_page_header_background_position_x":"center","cozystay_single_page_header_background_position_y":"center","cozystay_single_page_header_background_size":"cover","cozystay_single_page_header_background_repeat":"off","cozystay_single_page_header_background_scroll":"on","cozystay_single_page_header_text_color":"","cozystay_single_page_header_show_breadcrumb":"","cozystay_single_page_site_footer_hide_main":"","cozystay_single_custom_site_footer_main_source":"","cozystay_single_custom_site_footer_main":"0","cozystay_single_page_site_footer_hide_above":"","cozystay_single_custom_site_footer_above_source":"","cozystay_single_custom_site_footer_above":"0","cozystay_single_page_site_footer_hide_instagram":"","cozystay_single_page_site_footer_hide_bottom":"","cozystay_single_custom_mobile_menu_source":"","cozystay_single_custom_mobile_menu":"0","cozystay_single_custom_mobile_menu_animation":"","cozystay_single_custom_mobile_menu_width":"","cozystay_single_custom_mobile_menu_custom_width":375,"footnotes":""},"class_list":["post-2149","page","type-page","status-publish","hentry"],"_links":{"self":[{"href":"https:\/\/lamareapartments.com\/pl\/wp-json\/wp\/v2\/pages\/2149","targetHints":{"allow":["GET"]}}],"collection":[{"href":"https:\/\/lamareapartments.com\/pl\/wp-json\/wp\/v2\/pages"}],"about":[{"href":"https:\/\/lamareapartments.com\/pl\/wp-json\/wp\/v2\/types\/page"}],"author":[{"embeddable":true,"href":"https:\/\/lamareapartments.com\/pl\/wp-json\/wp\/v2\/users\/1"}],"replies":[{"embeddable":true,"href":"https:\/\/lamareapartments.com\/pl\/wp-json\/wp\/v2\/comments?post=2149"}],"version-history":[{"count":16,"href":"https:\/\/lamareapartments.com\/pl\/wp-json\/wp\/v2\/pages\/2149\/revisions"}],"predecessor-version":[{"id":2632,"href":"https:\/\/lamareapartments.com\/pl\/wp-json\/wp\/v2\/pages\/2149\/revisions\/2632"}],"wp:attachment":[{"href":"https:\/\/lamareapartments.com\/pl\/wp-json\/wp\/v2\/media?parent=2149"}],"curies":[{"name":"wp","href":"https:\/\/api.w.org\/{rel}","templated":true}]}}