{"id":960,"date":"2025-03-22T11:50:55","date_gmt":"2025-03-22T10:50:55","guid":{"rendered":"https:\/\/lamareapartments.com\/pongase-en-contacto-con\/"},"modified":"2026-02-25T01:52:19","modified_gmt":"2026-02-25T00:52:19","slug":"contacto","status":"publish","type":"page","link":"https:\/\/lamareapartments.com\/es\/contacto\/","title":{"rendered":"Contacto"},"content":{"rendered":"\t\t<div data-elementor-type=\"wp-page\" data-elementor-id=\"960\" class=\"elementor elementor-960 elementor-846\" data-elementor-post-type=\"page\">\n\t\t\t\t<div class=\"elementor-element elementor-element-54f9a9c e-flex e-con-boxed e-con e-parent\" data-id=\"54f9a9c\" data-element_type=\"container\" data-e-type=\"container\">\n\t\t\t\t\t<div class=\"e-con-inner\">\n\t\t\t\t<div class=\"elementor-element elementor-element-680abf8 elementor-widget elementor-widget-cs_title\" data-id=\"680abf8\" data-element_type=\"widget\" data-e-type=\"widget\" data-widget_type=\"cs_title.default\">\n\t\t\t\t<div class=\"elementor-widget-container\">\n\t\t\t\t\t\n        <div class=\"cs-title-wrap text-center\">\t            <div class=\"cs-subtitle-wrap\"><span class=\"cs-subtitle\">CONTACTO<\/span><\/div>\t            <h4 class=\"cs-title\">\n\t                Ponte en contacto\t            <\/h4>\t            <div class=\"cs-title-text\">\n\t                <p>\u00bfTiene preguntas sobre reservas, disponibilidad de habitaciones o servicios adicionales? P\u00f3ngase en contacto con nosotros, estaremos encantados de ayudarle. <\/p>\t            <\/div>        <\/div>\t\t\t\t<\/div>\n\t\t\t\t<\/div>\n\t\t\t\t<div class=\"elementor-element elementor-element-41de9f7 elementor-widget__width-initial elementor-widget-mobile__width-inherit elementor-button-align-stretch elementor-widget elementor-widget-form\" data-id=\"41de9f7\" data-element_type=\"widget\" data-e-type=\"widget\" data-settings=\"{&quot;step_next_label&quot;:&quot;Siguiente&quot;,&quot;step_previous_label&quot;:&quot;Anterior&quot;,&quot;button_width&quot;:&quot;100&quot;,&quot;step_type&quot;:&quot;number_text&quot;,&quot;step_icon_shape&quot;:&quot;circle&quot;}\" data-widget_type=\"form.default\">\n\t\t\t\t<div class=\"elementor-widget-container\">\n\t\t\t\t\t\t\t<form class=\"elementor-form\" method=\"post\" name=\"Nuevo formulario\" aria-label=\"Nuevo formulario\">\n\t\t\t<input type=\"hidden\" name=\"post_id\" value=\"960\"\/>\n\t\t\t<input type=\"hidden\" name=\"form_id\" value=\"41de9f7\"\/>\n\t\t\t<input type=\"hidden\" name=\"referer_title\" value=\"Contacto\" \/>\n\n\t\t\t\t\t\t\t<input type=\"hidden\" name=\"queried_id\" value=\"960\"\/>\n\t\t\t\n\t\t\t<div class=\"elementor-form-fields-wrapper elementor-labels-above\">\n\t\t\t\t\t\t\t\t<div class=\"elementor-field-type-text elementor-field-group elementor-column elementor-field-group-name elementor-col-100\">\n\t\t\t\t\t\t\t\t\t\t\t\t\t<input size=\"1\" type=\"text\" name=\"form_fields[name]\" id=\"form-field-name\" class=\"elementor-field elementor-size-sm  elementor-field-textual\" placeholder=\"Nombre\">\n\t\t\t\t\t\t\t\t\t\t\t<\/div>\n\t\t\t\t\t\t\t\t<div class=\"elementor-field-type-email elementor-field-group elementor-column elementor-field-group-email elementor-col-100 elementor-field-required\">\n\t\t\t\t\t\t\t\t\t\t\t\t\t<input size=\"1\" type=\"email\" name=\"form_fields[email]\" id=\"form-field-email\" class=\"elementor-field elementor-size-sm  elementor-field-textual\" placeholder=\"Correo electr\u00f3nico\" required=\"required\">\n\t\t\t\t\t\t\t\t\t\t\t<\/div>\n\t\t\t\t\t\t\t\t<div class=\"elementor-field-type-tel elementor-field-group elementor-column elementor-field-group-field_f30b186 elementor-col-100 elementor-field-required\">\n\t\t\t\t\t\t\t<input size=\"1\" type=\"tel\" name=\"form_fields[field_f30b186]\" id=\"form-field-field_f30b186\" class=\"elementor-field elementor-size-sm  elementor-field-textual\" placeholder=\"Tel\u00e9fono\" required=\"required\" pattern=\"[0-9()#&amp;+*-=.]+\" title=\"Solo se aceptan n\u00fameros y caracteres de tel\u00e9fono (#,-,*,etc).\">\n\n\t\t\t\t\t\t<\/div>\n\t\t\t\t\t\t\t\t<div class=\"elementor-field-type-textarea elementor-field-group elementor-column elementor-field-group-message elementor-col-100\">\n\t\t\t\t\t<textarea class=\"elementor-field-textual elementor-field  elementor-size-sm\" name=\"form_fields[message]\" id=\"form-field-message\" rows=\"4\" placeholder=\"Mensaje\"><\/textarea>\t\t\t\t<\/div>\n\t\t\t\t\t\t\t\t<div class=\"elementor-field-type-text\">\n\t\t\t\t\t<input size=\"1\" type=\"text\" name=\"form_fields[field_6bf8fa1]\" id=\"form-field-field_6bf8fa1\" class=\"elementor-field elementor-size-sm \" style=\"display:none !important;\">\t\t\t\t<\/div>\n\t\t\t\t\t\t\t\t<div class=\"elementor-field-group elementor-column elementor-field-type-submit elementor-col-100 e-form__buttons\">\n\t\t\t\t\t<button class=\"elementor-button elementor-size-sm\" type=\"submit\">\n\t\t\t\t\t\t<span class=\"elementor-button-content-wrapper\">\n\t\t\t\t\t\t\t\t\t\t\t\t\t\t\t\t\t\t\t\t\t\t<span class=\"elementor-button-text\">Enviar<\/span>\n\t\t\t\t\t\t\t\t\t\t\t\t\t<\/span>\n\t\t\t\t\t<\/button>\n\t\t\t\t<\/div>\n\t\t\t<\/div>\n\t\t<\/form>\n\t\t\t\t\t\t<\/div>\n\t\t\t\t<\/div>\n\t\t<div class=\"elementor-element elementor-element-d436c36 e-con-full e-flex e-con e-child\" data-id=\"d436c36\" data-element_type=\"container\" data-e-type=\"container\">\n\t\t\t\t<div class=\"elementor-element elementor-element-1535d1b elementor-widget elementor-widget-text-editor\" data-id=\"1535d1b\" data-element_type=\"widget\" data-e-type=\"widget\" data-widget_type=\"text-editor.default\">\n\t\t\t\t<div class=\"elementor-widget-container\">\n\t\t\t\t\t\t\t\t\t<p>Anfitri\u00f3n se pondr\u00e1 en contacto con usted en breve en relaci\u00f3n con este asunto.<\/p>\t\t\t\t\t\t\t\t<\/div>\n\t\t\t\t<\/div>\n\t\t\t\t<\/div>\n\t\t\t\t\t<\/div>\n\t\t\t\t<\/div>\n\t\t<div class=\"elementor-element elementor-element-3f13ff4 e-flex e-con-boxed e-con e-parent\" data-id=\"3f13ff4\" data-element_type=\"container\" data-e-type=\"container\">\n\t\t\t\t\t<div class=\"e-con-inner\">\n\t\t\t\t<div class=\"elementor-element elementor-element-ba5e9a4 elementor-widget elementor-widget-cs_title\" data-id=\"ba5e9a4\" data-element_type=\"widget\" data-e-type=\"widget\" data-widget_type=\"cs_title.default\">\n\t\t\t\t<div class=\"elementor-widget-container\">\n\t\t\t\t\t\n        <div class=\"cs-title-wrap text-center\">\t            <h4 class=\"cs-title\">\n\t                C\u00f3mo llegar\t            <\/h4>        <\/div>\t\t\t\t<\/div>\n\t\t\t\t<\/div>\n\t\t\t\t\t<\/div>\n\t\t\t\t<\/div>\n\t\t<div class=\"elementor-element elementor-element-af4032f e-grid e-con-boxed e-con e-parent\" data-id=\"af4032f\" data-element_type=\"container\" data-e-type=\"container\">\n\t\t\t\t\t<div class=\"e-con-inner\">\n\t\t<div class=\"elementor-element elementor-element-e1ce9bb e-con-full e-flex elementor-invisible e-con e-child\" data-id=\"e1ce9bb\" data-element_type=\"container\" data-e-type=\"container\" data-settings=\"{&quot;animation&quot;:&quot;fadeIn&quot;,&quot;animation_delay&quot;:600}\">\n\t\t\t\t<div class=\"elementor-element elementor-element-a24c10a elementor-widget elementor-widget-html\" data-id=\"a24c10a\" data-element_type=\"widget\" data-e-type=\"widget\" data-widget_type=\"html.default\">\n\t\t\t\t<div class=\"elementor-widget-container\">\n\t\t\t\t\t<div style=\"height: 400px; width: 100%; overflow: hidden;\">\r\n<iframe src=\"https:\/\/www.google.com\/maps\/d\/embed?mid=14KWrhEJwYAc6eIdK4i4or7GFUWZBRPM&amp;ehbc=2E312F\" width=\"640\" height=\"480\" style=\"border: none; margin-top: -60px;\" allowfullscreen=\"\" loading=\"lazy\" referrerpolicy=\"no-referrer-when-downgrade\"><\/iframe>\r\n<\/div>\r\n\t\t\t\t<\/div>\n\t\t\t\t<\/div>\n\t\t\t\t<div class=\"elementor-element elementor-element-31cfb55 elementor-widget elementor-widget-cs_title\" data-id=\"31cfb55\" data-element_type=\"widget\" data-e-type=\"widget\" data-widget_type=\"cs_title.default\">\n\t\t\t\t<div class=\"elementor-widget-container\">\n\t\t\t\t\t\n        <div class=\"cs-title-wrap text-left\">\t            <div class=\"cs-title-text\">\n\t                <h5><strong>Desde el Aeropuerto de M\u00e1laga al Apartamento La Marea<\/strong><\/h5><p>A su llegada al Aeropuerto de M\u00e1laga (Costa del Sol), dir\u00edjase directamente a:<\/p><p><span class=\"link_hover_img\"><strong><span style=\"text-decoration: underline;\">La Marea Apartment &#8211; C. Monte Para\u00edso, 33, 29649 Calahonda, M\u00e1laga, Espa\u00f1a.<\/span><br><\/strong><span class=\"image__fixed\"><br><img decoding=\"async\" src=\"https:\/\/lh3.googleusercontent.com\/p\/AF1QipO60xQnenLjZiG0q3vaSTg4OlOS5DfkVZzzL2XP=s1360-w1360-h1020-rw\" alt=\"Entrada del Apartamento La Marea\"><br><\/span><\/span><\/p><p><span class=\"link_hover_img\"><span class=\"image__fixed\"><br><\/span><\/span><strong>\u2794<\/strong> Distancia: aproximadamente 38 km (unos 30\u201335 minutos en coche).<\/p><p><strong>\u2794 <\/strong>La forma m\u00e1s c\u00f3moda de llegar es en coche de alquiler, taxi o servicio de enlace con el aeropuerto.<\/p><p>El apartamento est\u00e1 situado en Calahonda (Mijas Costa), en una zona residencial tranquila justo al lado de la carretera principal de la costa A-7 (N-340). La propiedad se encuentra en una urbanizaci\u00f3n privada y cerrada, por lo que aseg\u00farese de tener los datos de acceso antes de su llegada. <\/p>\t            <\/div>        <\/div>\t\t\t\t<\/div>\n\t\t\t\t<\/div>\n\t\t\t\t<\/div>\n\t\t\t\t\t<\/div>\n\t\t\t\t<\/div>\n\t\t<div class=\"elementor-element elementor-element-faba84d e-flex e-con-boxed e-con e-parent\" data-id=\"faba84d\" data-element_type=\"container\" data-e-type=\"container\">\n\t\t\t\t\t<div class=\"e-con-inner\">\n\t\t\t\t\t<\/div>\n\t\t\t\t<\/div>\n\t\t\t\t<\/div>\n\t\t","protected":false},"excerpt":{"rendered":"<p>CONTACTO Ponte en contacto \u00bfTiene preguntas sobre reservas, disponibilidad de habitaciones o servicios adicionales? P\u00f3ngase en contacto con nosotros, estaremos encantados de ayudarle. Anfitri\u00f3n se pondr\u00e1 en contacto con usted en breve en relaci\u00f3n con este asunto. C\u00f3mo llegar Desde el Aeropuerto de M\u00e1laga al Apartamento La Marea A su llegada al Aeropuerto de M\u00e1laga &#8230;<\/p>\n","protected":false},"author":1,"featured_media":0,"parent":0,"menu_order":0,"comment_status":"closed","ping_status":"closed","template":"elementor_header_footer","meta":{"cozystay_single_page_hide_site_header":"","cozystay_single_page_site_header_source":"","cozystay_single_page_custom_site_header":"0","cozystay_single_page_custom_sticky_site_header":"0","cozystay_single_page_hide_page_title":"","cozystay_single_page_header_section_size":"","cozystay_single_page_header_background_color":"","cozystay_single_page_header_background_position_x":"center","cozystay_single_page_header_background_position_y":"center","cozystay_single_page_header_background_size":"cover","cozystay_single_page_header_background_repeat":"off","cozystay_single_page_header_background_scroll":"on","cozystay_single_page_header_text_color":"","cozystay_single_page_header_show_breadcrumb":"","cozystay_single_page_site_footer_hide_main":"","cozystay_single_custom_site_footer_main_source":"","cozystay_single_custom_site_footer_main":"0","cozystay_single_page_site_footer_hide_above":"","cozystay_single_custom_site_footer_above_source":"","cozystay_single_custom_site_footer_above":"0","cozystay_single_page_site_footer_hide_instagram":"","cozystay_single_page_site_footer_hide_bottom":"","cozystay_single_custom_mobile_menu_source":"","cozystay_single_custom_mobile_menu":"0","cozystay_single_custom_mobile_menu_animation":"","cozystay_single_custom_mobile_menu_width":"","cozystay_single_custom_mobile_menu_custom_width":375,"footnotes":""},"class_list":["post-960","page","type-page","status-publish","hentry"],"_links":{"self":[{"href":"https:\/\/lamareapartments.com\/es\/wp-json\/wp\/v2\/pages\/960","targetHints":{"allow":["GET"]}}],"collection":[{"href":"https:\/\/lamareapartments.com\/es\/wp-json\/wp\/v2\/pages"}],"about":[{"href":"https:\/\/lamareapartments.com\/es\/wp-json\/wp\/v2\/types\/page"}],"author":[{"embeddable":true,"href":"https:\/\/lamareapartments.com\/es\/wp-json\/wp\/v2\/users\/1"}],"replies":[{"embeddable":true,"href":"https:\/\/lamareapartments.com\/es\/wp-json\/wp\/v2\/comments?post=960"}],"version-history":[{"count":35,"href":"https:\/\/lamareapartments.com\/es\/wp-json\/wp\/v2\/pages\/960\/revisions"}],"predecessor-version":[{"id":3478,"href":"https:\/\/lamareapartments.com\/es\/wp-json\/wp\/v2\/pages\/960\/revisions\/3478"}],"wp:attachment":[{"href":"https:\/\/lamareapartments.com\/es\/wp-json\/wp\/v2\/media?parent=960"}],"curies":[{"name":"wp","href":"https:\/\/api.w.org\/{rel}","templated":true}]}}