{"id":2174,"date":"2025-05-12T22:25:26","date_gmt":"2025-05-12T20:25:26","guid":{"rendered":"https:\/\/lamareapartments.com\/politica-de-privacidad\/"},"modified":"2025-06-27T22:31:14","modified_gmt":"2025-06-27T20:31:14","slug":"politica-de-privacidad","status":"publish","type":"page","link":"https:\/\/lamareapartments.com\/es\/politica-de-privacidad\/","title":{"rendered":"Pol\u00edtica de privacidad"},"content":{"rendered":"\t\t<div data-elementor-type=\"wp-page\" data-elementor-id=\"2174\" class=\"elementor elementor-2174 elementor-2167\" data-elementor-post-type=\"page\">\n\t\t\t\t<div class=\"elementor-element elementor-element-3de2c03 e-flex e-con-boxed e-con e-parent\" data-id=\"3de2c03\" data-element_type=\"container\" data-e-type=\"container\">\n\t\t\t\t\t<div class=\"e-con-inner\">\n\t\t\t\t<div class=\"elementor-element elementor-element-f1bcb0c elementor-widget elementor-widget-html\" data-id=\"f1bcb0c\" data-element_type=\"widget\" data-e-type=\"widget\" data-widget_type=\"html.default\">\n\t\t\t\t<div class=\"elementor-widget-container\">\n\t\t\t\t\t<h2>Pol\u00edtica de Privacidad<\/h2>\n\n<p>La pol\u00edtica de privacidad describe las reglas para el tratamiento de informaci\u00f3n sobre usted, incluidos los datos personales y las cookies.<\/p>\n\n<h3>1. Informaci\u00f3n general<\/h3>\n<p>Esta pol\u00edtica se aplica al sitio web disponible en: <a href=\"https:\/\/lamareapartments.com\">lamareapartments.com<\/a><\/p>\n<p>El operador del sitio y administrador de los datos personales es: Leszek Radzikowski, C. Monte Para\u00edso, 33, 29649 Calahonda, M\u00e1laga, Espa\u00f1a<\/p>\n<p>Correo electr\u00f3nico de contacto der operador: <a href=\"mailto:kontakt@lamareapartments.com\">kontakt@lamareapartments.com<\/a><\/p>\n<p>El Operador es el Administrador de tus datos personales proporcionados voluntariamente en el sitio web.<\/p>\n<p>El sitio utiliza datos personales con los siguientes fines:<\/p>\n<ul>\n  <li>Atenci\u00f3n de solicitudes a trav\u00e9s de formularios<\/li>\n  <li>Presentaci\u00f3n de ofertas o informaci\u00f3n<\/li>\n<\/ul>\n<p>El sitio recoge informaci\u00f3n sobre los usuarios y su comportamiento de las siguientes formas:<\/p>\n<ul>\n  <li>A trav\u00e9s de los datos proporcionados voluntariamente en los formularios, que se ingresan en los sistemas del Operador.<\/li>\n  <li>Mediante cookies guardadas en los dispositivos de los usuarios<\/li>\n<\/ul>\n\n<h3>2. M\u00e9todos seleccionados de protecci\u00f3n de datos utilizados por el Operador<\/h3>\n<p>Las \u00e1reas de inicio de sesi\u00f3n y de introducci\u00f3n de datos personales est\u00e1n protegidas con cifrado SSL. Esto asegura que los datos personales y de acceso introducidos en el sitio sean cifrados en el ordenador del usuario y solo puedan ser le\u00eddos en el servidor de destino.<\/p>\n<p>Las contrase\u00f1as de los usuarios se almacenan de forma cifrada (hashed). Esta funci\u00f3n opera en una sola direcci\u00f3n: no es posible invertir su acci\u00f3n, lo que constituye el est\u00e1ndar moderno en el almacenamiento de contrase\u00f1as de usuarios.<\/p>\n<p>El Operador cambia peri\u00f3dicamente sus contrase\u00f1as administrativas.<\/p>\n<p>Con el fin de proteger los datos, el Operador realiza copias de seguridad de forma regular.<\/p>\n<p>Un elemento importante de la protecci\u00f3n de datos es la actualizaci\u00f3n regular de todo el software utilizado por el Operador para el procesamiento de los datos personales, lo que en particular implica actualizaciones peri\u00f3dicas de los componentes de programaci\u00f3n.<\/p>\n\n<h3>3. Hosting<\/h3>\n<p>El servicio est\u00e1 alojado (mantenido t\u00e9cnicamente) en los servidores del operador: otra empresa.\nLa empresa de hosting, para garantizar la fiabilidad t\u00e9cnica, mantiene registros a nivel del servidor. Pueden registrarse:<\/p>\n<ul>\n  <li>Recursos identificados por URL (direcciones de los recursos solicitados: p\u00e1ginas, archivos)<\/li>\n  <li>Hora de la solicitud y de la respuesta<\/li>\n  <li>Nombre de la estaci\u00f3n cliente (protocolo HTTP)<\/li>\n  <li>Informaci\u00f3n sobre los errores ocurridos durante la realizaci\u00f3n de la transacci\u00f3n HTTP<\/li>\n  <li>Direcci\u00f3n URL de la p\u00e1gina visitada previamente por el usuario (enlace referer),<\/li>\n  <li>Informaci\u00f3n sobre el navegador del usuario<\/li>\n  <li>Direcci\u00f3n IP<\/li>\n  <li>Informaci\u00f3n diagn\u00f3stica relacionada con el proceso de auto-pedido de servicios a trav\u00e9s de los registradores en el sitio<\/li>\n  <li>Informaci\u00f3n relacionada con la gesti\u00f3n del correo electr\u00f3nico dirigido al Operador y enviado por el Operador<\/li>\n<\/ul>\n\n<h3>4. Tus derechos e informaci\u00f3n adicional sobre el uso de datos<\/h3>\n<p>En algunas situaciones, el Administrador tiene el derecho de transferir tus datos personales a otros destinatarios, si ello es necesario para ejecutar el contrato celebrado contigo o para cumplir con las obligaciones del Administrador. Esto se aplica a los siguientes grupos de destinatarios:<\/p>\n<ul>\n  <li>Empresas de hosting<\/li>\n  <li>Bancos<\/li>\n  <li>Operadores de pago<\/li>\n  <li>Empleados y colaboradores autorizados<\/li>\n  <li>Empresas de marketing que trabajan para el Administrador<\/li>\n<\/ul>\n<p>Los datos personales no ser\u00e1n procesados por m\u00e1s de 3 a\u00f1os con fines de marketing.<\/p>\n<p>Tienes derecho a:<\/p>\n<ul>\n  <li>Acceder a los datos personales que te conciernen<\/li>\n  <li>Rectificarlos<\/li>\n  <li>Eliminarlos<\/li>\n  <li>Restringir su tratamiento<\/li>\n  <li>Transferirlos<\/li>\n<\/ul>\n<p>Tienes derecho a oponerte al tratamiento con fines de marketing y perfilado. Puedes presentar una queja ante la <a href=\"https:\/\/uodo.gov.pl\">Autoridad de Protecci\u00f3n de Datos de Polonia<\/a>.<\/p>\n<p>El suministro de datos personales es voluntario, pero necesario para el uso del sitio.<\/p>\n<p>Los datos no se transfieren fuera de la Uni\u00f3n Europea.<\/p>\n\n<h3>5. Informaci\u00f3n en formularios<\/h3>\n<p>El sitio recoge la informaci\u00f3n proporcionada voluntariamente por el usuario, incluidos los datos personales.<\/p>\n<p>Puede registrar datos de conexi\u00f3n (hora, direcci\u00f3n IP).<\/p>\n<p>Los formularios pueden vincular los datos con la direcci\u00f3n de correo electr\u00f3nico del usuario (por ejemplo, en la URL).<\/p>\n\n<h3>6. Registros del Administrador<\/h3>\n<p>La informaci\u00f3n sobre el comportamiento de los usuarios puede ser registrada y utilizada para la administraci\u00f3n del sitio.<\/p>\n\n<h3>7. T\u00e9cnicas de marketing importantes<\/h3>\n<ul>\n  <li>Google Analytics \u2013 <a href=\"https:\/\/www.google.com\/ads\/preferences\/\">(anonimizaci\u00f3n, cookies)<\/a><\/li>\n  <li>Remarketing basado en cookies<\/li>\n  <li>Pixel de Facebook (sin env\u00edo adicional de datos personales)<\/li>\n<\/ul>\n\n<h3>8. Informaci\u00f3n sobre cookies<\/h3>\n<p>Las cookies son archivos de texto guardados en el dispositivo del usuario. Se utilizan para:<\/p>\n<ul>\n  <li>Mantener sesiones de usuario<\/li>\n  <li>Fines de marketing<\/li>\n<\/ul>\n<p>Se distinguen las cookies de sesi\u00f3n (temporales) y las permanentes<\/p>\n\n<h3>9. Gesti\u00f3n de cookies: \u00bfc\u00f3mo dar y retirar el consentimiento?<\/h3>\n<p>Para gestionar las cookies, ajusta la configuraci\u00f3n de tu navegador:<\/p>\n<ul>\n  <li><a href=\"https:\/\/support.microsoft.com\/help\/10607\/\">Edge<\/a><\/li>\n  <li><a href=\"https:\/\/support.microsoft.com\/help\/278835\/\">Internet Explorer<\/a><\/li>\n  <li><a href=\"https:\/\/support.google.com\/chrome\/answer\/95647\">Chrome<\/a><\/li>\n  <li><a href=\"https:\/\/support.apple.com\/guide\/safari\/manage-cookies-and-website-data-sfri11471\/mac\">Safari<\/a><\/li>\n  <li><a href=\"https:\/\/support.mozilla.org\/en-US\/kb\/enable-and-disable-cookies-website-preferences\">Firefox<\/a><\/li>\n  <li><a href=\"https:\/\/help.opera.com\/en\/latest\/web-preferences\/#cookies\">Opera<\/a><\/li>\n<\/ul>\n<p>Dispositivos m\u00f3viles:<\/p>\n<ul>\n  <li><a href=\"https:\/\/support.google.com\/chrome\/answer\/95647\">Android<\/a><\/li>\n  <li><a href=\"https:\/\/support.apple.com\/en-us\/HT201265\">iOS Safari<\/a><\/li>\n  <li><a href=\"https:\/\/support.microsoft.com\/help\/11696\">Windows Phone<\/a><\/li>\n<\/ul>\n\t\t\t\t<\/div>\n\t\t\t\t<\/div>\n\t\t\t\t\t<\/div>\n\t\t\t\t<\/div>\n\t\t\t\t<\/div>\n\t\t","protected":false},"excerpt":{"rendered":"<p>Pol\u00edtica de Privacidad La pol\u00edtica de privacidad describe las reglas para el tratamiento de informaci\u00f3n sobre usted, incluidos los datos personales y las cookies. 1. Informaci\u00f3n general Esta pol\u00edtica se aplica al sitio web disponible en: lamareapartments.com El operador del sitio y administrador de los datos personales es: Leszek Radzikowski, C. Monte Para\u00edso, 33, 29649 &#8230;<\/p>\n","protected":false},"author":1,"featured_media":0,"parent":0,"menu_order":0,"comment_status":"closed","ping_status":"closed","template":"template-fullwidth.php","meta":{"cozystay_single_page_hide_site_header":"","cozystay_single_page_site_header_source":"","cozystay_single_page_custom_site_header":"0","cozystay_single_page_custom_sticky_site_header":"0","cozystay_single_page_hide_page_title":"","cozystay_single_page_header_section_size":"","cozystay_single_page_header_background_color":"","cozystay_single_page_header_background_position_x":"center","cozystay_single_page_header_background_position_y":"center","cozystay_single_page_header_background_size":"cover","cozystay_single_page_header_background_repeat":"off","cozystay_single_page_header_background_scroll":"on","cozystay_single_page_header_text_color":"","cozystay_single_page_header_show_breadcrumb":"","cozystay_single_page_site_footer_hide_main":"","cozystay_single_custom_site_footer_main_source":"","cozystay_single_custom_site_footer_main":"0","cozystay_single_page_site_footer_hide_above":"","cozystay_single_custom_site_footer_above_source":"","cozystay_single_custom_site_footer_above":"0","cozystay_single_page_site_footer_hide_instagram":"","cozystay_single_page_site_footer_hide_bottom":"","cozystay_single_custom_mobile_menu_source":"","cozystay_single_custom_mobile_menu":"0","cozystay_single_custom_mobile_menu_animation":"","cozystay_single_custom_mobile_menu_width":"","cozystay_single_custom_mobile_menu_custom_width":375,"footnotes":""},"class_list":["post-2174","page","type-page","status-publish","hentry"],"_links":{"self":[{"href":"https:\/\/lamareapartments.com\/es\/wp-json\/wp\/v2\/pages\/2174","targetHints":{"allow":["GET"]}}],"collection":[{"href":"https:\/\/lamareapartments.com\/es\/wp-json\/wp\/v2\/pages"}],"about":[{"href":"https:\/\/lamareapartments.com\/es\/wp-json\/wp\/v2\/types\/page"}],"author":[{"embeddable":true,"href":"https:\/\/lamareapartments.com\/es\/wp-json\/wp\/v2\/users\/1"}],"replies":[{"embeddable":true,"href":"https:\/\/lamareapartments.com\/es\/wp-json\/wp\/v2\/comments?post=2174"}],"version-history":[{"count":10,"href":"https:\/\/lamareapartments.com\/es\/wp-json\/wp\/v2\/pages\/2174\/revisions"}],"predecessor-version":[{"id":2543,"href":"https:\/\/lamareapartments.com\/es\/wp-json\/wp\/v2\/pages\/2174\/revisions\/2543"}],"wp:attachment":[{"href":"https:\/\/lamareapartments.com\/es\/wp-json\/wp\/v2\/media?parent=2174"}],"curies":[{"name":"wp","href":"https:\/\/api.w.org\/{rel}","templated":true}]}}