{"id":2160,"date":"2025-05-12T21:38:29","date_gmt":"2025-05-12T19:38:29","guid":{"rendered":"https:\/\/lamareapartments.com\/rental-regulations\/"},"modified":"2025-07-07T07:39:28","modified_gmt":"2025-07-07T05:39:28","slug":"normas-de-reserva","status":"publish","type":"page","link":"https:\/\/lamareapartments.com\/es\/normas-de-reserva\/","title":{"rendered":"Normas de reserva"},"content":{"rendered":"\t\t<div data-elementor-type=\"wp-page\" data-elementor-id=\"2160\" class=\"elementor elementor-2160 elementor-2142\" data-elementor-post-type=\"page\">\n\t\t\t\t<div class=\"elementor-element elementor-element-2d99d73 e-flex e-con-boxed e-con e-parent\" data-id=\"2d99d73\" data-element_type=\"container\" data-e-type=\"container\">\n\t\t\t\t\t<div class=\"e-con-inner\">\n\t\t\t\t<div class=\"elementor-element elementor-element-0aa7f4c elementor-widget elementor-widget-html\" data-id=\"0aa7f4c\" data-element_type=\"widget\" data-e-type=\"widget\" data-widget_type=\"html.default\">\n\t\t\t\t<div class=\"elementor-widget-container\">\n\t\t\t\t\t<h2>Reglamento: Normas para los hu\u00e9spedes<\/h2>\n\n<p>Gracias por elegir el apartamento La Marea para tu estancia. Por favor, revisa las siguientes normas para garantizar una experiencia agradable y sin inconvenientes.<\/p>\n\n<h3>\u00a71 Disposiciones generales<\/h3>\n<ol>\n  <li>Estas normas se aplican a todos los hu\u00e9spedes que se alojen en el apartamento La Marea, ubicado en C. Monte Para\u00edso, 33, 29649 Calahonda, M\u00e1laga, Espa\u00f1a.<\/li>\n  <li>El t\u00e9rmino \"Apartamento La Marea\" se refiere al propietario del apartamento, mientras que \"Hu\u00e9sped\" se refiere al arrendatario.<\/li>\n<\/ol>\n\n<h3>\u00a72 Registro de entrada y salida<\/h3>\n<ol>\n  <li>El arrendatario debe presentar un documento de identidad v\u00e1lido, pasaporte o licencia de conducir (original) al momento de la entrega del Apartamento\/Casa.<\/li>\n  <li>El arrendatario debe tener al menos 21 a\u00f1os en el momento del alquiler.<\/li>\n  <li>El apartamento se alquila por un m\u00ednimo de 3 noches.<\/li>\n  <li>El check-in est\u00e1 disponible a partir de las 16:00 horas y el check-out debe realizarse antes de las 10:00 horas.<\/li>\n  <li>Por razones de seguridad y comodidad, no se permite invitar a personas no registradas al apartamento. En caso de incumplimiento, se aplicar\u00e1 una multa de 500 EUR y se pedir\u00e1 a las personas no registradas que abandonen el alojamiento.<\/li>\n  <li>Se requiere un dep\u00f3sito reembolsable de 200\u20ac. El dep\u00f3sito debe abonarse a m\u00e1s tardar el d\u00eda del alquiler. En caso de transferencia bancaria, los fondos deben estar acreditados en la cuenta del Arrendador antes de la entrega del Apartamento\/Casa. El reembolso del dep\u00f3sito se realizar\u00e1 dentro de los 7 d\u00edas posteriores a la devoluci\u00f3n de las llaves y tras la inspecci\u00f3n del Apartamento por el Administrador.<\/li>\n  <li>Los hu\u00e9spedes que deseen extender su estancia deben solicitarlo al menos 2 d\u00edas antes de la fecha de salida prevista, sujeto a disponibilidad.<\/li>\n  <li>Las horas de silencio son de 22:00 a 7:00. El Apartamento La Marea se reserva el derecho de denegar el servicio a los hu\u00e9spedes que no cumplan con este Reglamento.<\/li>\n<\/ol>\n\n<h3>\u00a73 Procedimiento de reserva y registro<\/h3>\n<ol>\n  <li>Las reservas se pueden hacer en l\u00ednea, por tel\u00e9fono o por correo electr\u00f3nico.<\/li>\n  <li>Durante el periodo de alquiler, un m\u00e1ximo de 4 personas puede alojarse en el Apartamento La Marea. En caso de alojarse m\u00e1s personas (m\u00e1ximo 6), el Hu\u00e9sped debe informar inmediatamente al Apartamento La Marea, que podr\u00e1 aplicar un cargo adicional por cada persona extra por d\u00eda.<\/li>\n  <li>Los precios indicados en la lista de precios son brutos y se aplican a un m\u00e1ximo de 4 personas. Los Hu\u00e9spedes adicionales pueden alojarse por un cargo adicional de 10EUR\/noche por persona.<\/li>\n  <li>Para que la reserva sea v\u00e1lida, se debe realizar un pago del 30% del valor del alquiler dentro de los 3 d\u00edas h\u00e1biles a la cuenta: Leszek Radzikowski, IBAN: ES72 0081 0619 5100 0298 1901, BIC\/SWIFT: BSABESBBXXX.<\/li>\n  <li>La reserva se confirma una vez enviado el correo electr\u00f3nico de confirmaci\u00f3n a la direcci\u00f3n proporcionada.<\/li>\n  <li>Los Hu\u00e9spedes recibir\u00e1n un juego completo de llaves.<\/li>\n  <li>Los precios publicados en el sitio web del Apartamento La Marea incluyen IVA.<\/li>\n  <li>El importe total de la estancia debe abonarse por adelantado, 14 d\u00edas antes de la llegada.<\/li>\n  <li>En caso de salida anticipada, no se reembolsar\u00e1 el pago por los d\u00edas restantes.<\/li>\n  <li>Pol\u00edtica de cancelaci\u00f3n:\n    <ul>\n      <li>Cancelaci\u00f3n gratuita hasta 30 d\u00edas antes de la fecha de la llegada.<\/li>\n      <li>Entre 30 y 7 d\u00edas antes de la llegada \u2013 reembolso del 50%.<\/li>\n      <li>Menos de 7 d\u00edas \u2013 sin reembolso (100% del importe).<\/li>\n    <\/ul>\n  <\/li>\n  <li>Salir del apartamento despu\u00e9s de las 10:00 el d\u00eda del check-out se considerar\u00e1 como una extensi\u00f3n de la estancia.<\/li>\n  <li>Los hu\u00e9spedes no pueden ceder el apartamento a terceros.<\/li>\n  <li>Cualquier problema con el servicio debe comunicarse de inmediato por correo electr\u00f3nico a <a href=\"mailto:admin@directestates.es\">admin@directestates.es<\/a> o <a href=\"mailto:lamareaapartament@gmail.com\">lamareaapartament@gmail.com<\/a>.<\/li>\n  <li>Las reclamaciones se resolver\u00e1n en un plazo de 14 d\u00edas.<\/li>\n  <li>Los reembolsos se realizar\u00e1n utilizando el m\u00e9todo de pago original.<\/li>\n  <li>Se admiten mascotas, pero el Arrendatario debe obtener una autorizaci\u00f3n por escrito del Apartamento La Marea. En este caso, el dep\u00f3sito se incrementa a 500\u20ac. El hu\u00e9sped ser\u00e1 completamente responsable de los da\u00f1os causados por el animal durante la estancia.<\/li>\n<\/ol>\n\n<h3>\u00a74 Devoluci\u00f3n de objetos perdidos<\/h3>\n<ol>\n  <li>Los objetos personales olvidados ser\u00e1n enviados a la direcci\u00f3n indicada a cargo del Hu\u00e9sped.<\/li>\n  <li>Si no se dan instrucciones, los objetos se almacenar\u00e1n durante 1 mes.<\/li>\n<\/ol>\n\n<h3>\u00a75 Disposiciones adicionales<\/h3>\n<ol>\n  <li>Nos reservamos el derecho de rechazar el servicio a Hu\u00e9spedes que hayan infringido el reglamento o causado da\u00f1os en el pasado.<\/li>\n  <li>No se aceptan mascotas - sin el consentimiento previo por escrito del propietario del apartamento y sin abonar un importe de dep\u00f3sito superior.<\/li>\n  <li>Por motivos de seguridad contra incendios, est\u00e1 prohibido el uso de velas, calefactores, hervidores el\u00e9ctricos y aparatos similares, excepto los proporcionados por el Apartamento La Marea. Se excluyen cargadores de m\u00f3viles y ordenadores.<\/li>\n  <li>Est\u00e1 prohibido fumar, incluyendo el uso de cigarrillos electr\u00f3nicos. En caso de incumplimiento, se aplicar\u00e1 una tarifa de limpieza de 500 EUR.<\/li>\n  <li>Est\u00e1 prohibido tener art\u00edculos peligrosos, armas y municiones.<\/li>\n  <li>Los Hu\u00e9spedes deben informar de inmediato sobre cualquier da\u00f1o. Ser\u00e1n responsables econ\u00f3micamente por los da\u00f1os causados.<\/li>\n  <li>El Apartamento La Marea tiene una responsabilidad limitada por la p\u00e9rdida o da\u00f1o de dinero, valores, objetos de valor y otros art\u00edculos de gran valor.<\/li>\n  <li>Todos los objetos situados en las habitaciones y \u00e1reas comunes son propiedad del Apartamento La Marea y no deben ser retirados. Los Hu\u00e9spedes ser\u00e1n responsables econ\u00f3micamente por cualquier elemento faltante descubierto despu\u00e9s del check-out.<\/li>\n<\/ol>\n\t\t\t\t<\/div>\n\t\t\t\t<\/div>\n\t\t\t\t\t<\/div>\n\t\t\t\t<\/div>\n\t\t\t\t<\/div>\n\t\t","protected":false},"excerpt":{"rendered":"<p>Reglamento: Normas para los hu\u00e9spedes Gracias por elegir el apartamento La Marea para tu estancia. Por favor, revisa las siguientes normas para garantizar una experiencia agradable y sin inconvenientes. \u00a71 Disposiciones generales Estas normas se aplican a todos los hu\u00e9spedes que se alojen en el apartamento La Marea, ubicado en C. Monte Para\u00edso, 33, 29649 &#8230;<\/p>\n","protected":false},"author":1,"featured_media":0,"parent":0,"menu_order":0,"comment_status":"closed","ping_status":"closed","template":"template-fullwidth.php","meta":{"cozystay_single_page_hide_site_header":"","cozystay_single_page_site_header_source":"","cozystay_single_page_custom_site_header":"0","cozystay_single_page_custom_sticky_site_header":"0","cozystay_single_page_hide_page_title":"","cozystay_single_page_header_section_size":"","cozystay_single_page_header_background_color":"","cozystay_single_page_header_background_position_x":"center","cozystay_single_page_header_background_position_y":"center","cozystay_single_page_header_background_size":"cover","cozystay_single_page_header_background_repeat":"off","cozystay_single_page_header_background_scroll":"on","cozystay_single_page_header_text_color":"","cozystay_single_page_header_show_breadcrumb":"","cozystay_single_page_site_footer_hide_main":"","cozystay_single_custom_site_footer_main_source":"","cozystay_single_custom_site_footer_main":"0","cozystay_single_page_site_footer_hide_above":"","cozystay_single_custom_site_footer_above_source":"","cozystay_single_custom_site_footer_above":"0","cozystay_single_page_site_footer_hide_instagram":"","cozystay_single_page_site_footer_hide_bottom":"","cozystay_single_custom_mobile_menu_source":"","cozystay_single_custom_mobile_menu":"0","cozystay_single_custom_mobile_menu_animation":"","cozystay_single_custom_mobile_menu_width":"","cozystay_single_custom_mobile_menu_custom_width":375,"footnotes":""},"class_list":["post-2160","page","type-page","status-publish","hentry"],"_links":{"self":[{"href":"https:\/\/lamareapartments.com\/es\/wp-json\/wp\/v2\/pages\/2160","targetHints":{"allow":["GET"]}}],"collection":[{"href":"https:\/\/lamareapartments.com\/es\/wp-json\/wp\/v2\/pages"}],"about":[{"href":"https:\/\/lamareapartments.com\/es\/wp-json\/wp\/v2\/types\/page"}],"author":[{"embeddable":true,"href":"https:\/\/lamareapartments.com\/es\/wp-json\/wp\/v2\/users\/1"}],"replies":[{"embeddable":true,"href":"https:\/\/lamareapartments.com\/es\/wp-json\/wp\/v2\/comments?post=2160"}],"version-history":[{"count":25,"href":"https:\/\/lamareapartments.com\/es\/wp-json\/wp\/v2\/pages\/2160\/revisions"}],"predecessor-version":[{"id":2635,"href":"https:\/\/lamareapartments.com\/es\/wp-json\/wp\/v2\/pages\/2160\/revisions\/2635"}],"wp:attachment":[{"href":"https:\/\/lamareapartments.com\/es\/wp-json\/wp\/v2\/media?parent=2160"}],"curies":[{"name":"wp","href":"https:\/\/api.w.org\/{rel}","templated":true}]}}